{"id":375,"date":"2025-06-30T08:44:29","date_gmt":"2025-06-30T08:44:29","guid":{"rendered":"https:\/\/dj.deycrusader.ro\/?post_type=product&#038;p=375"},"modified":"2025-10-14T08:30:48","modified_gmt":"2025-10-14T08:30:48","slug":"curs-dj-serato","status":"publish","type":"product","link":"https:\/\/dj.deycrusader.ro\/ro\/course\/curs-dj-serato\/","title":{"rendered":"Curs Dj Serato"},"content":{"rendered":"<h1>Curs DJ Serato \u2013 \u00eenva\u021b\u0103 mixajul pas cu pas<\/h1>\n<p>Cursul DJ Serato este special conceput pentru cei care doresc s\u0103 \u00eenceap\u0103 de la zero \u0219i s\u0103 \u00eenve\u021be corect, structurat \u0219i eficient cum s\u0103 devin\u0103 DJ profesionist.<\/p>\n<h2>8 sesiuni de practic\u0103 intensiv\u0103 \u0219i teorie aplicat\u0103<\/h2>\n<p>Programul include 8 sesiuni intensive \u00een care vei primi informa\u021bii esen\u021biale despre meseria de DJ. Descoperi secretele care fac diferen\u021ba \u00eentre un amator \u0219i un profesionist, pentru a fi cu un pas \u00eenaintea celor care \u00eenva\u021b\u0103 singuri.<\/p>\n<p>Structura cursului este creat\u0103 pentru a-\u021bi oferi o baz\u0103 solid\u0103 \u0219i experien\u021b\u0103 practic\u0103. Astfel, vei c\u00e2\u0219tiga \u00eencredere pe scen\u0103 \u0219i vei livra mixuri originale \u0219i captivante.<\/p>\n<h2>Lucreaz\u0103 eficient cu software-ul Serato<\/h2>\n<p>Vei \u00eenv\u0103\u021ba cum s\u0103 folose\u0219ti corect func\u021biile software-ului Serato, cum s\u0103 combini piesele armonios \u0219i creativ \u0219i cum s\u0103 creezi seturi care transmit energie \u0219i emo\u021bie.<\/p>\n<p>Trainerul te ghideaz\u0103 pas cu pas \u0219i \u00ee\u021bi ofer\u0103 feedback constant. Procesul de \u00eenv\u0103\u021bare este simplu, clar \u0219i adaptat nevoilor tale, indiferent de nivelul t\u0103u de experien\u021b\u0103.<\/p>\n<h2>Dezvolt\u0103-\u021bi stilul personal \u0219i cariera de DJ<\/h2>\n<p>Cursul DJ Serato \u00ee\u021bi ofer\u0103 mai mult dec\u00e2t cuno\u0219tin\u021be tehnice. \u00ce\u021bi ofer\u0103 siguran\u021ba de a urca pe scen\u0103 cu \u00eencredere, de a comunica cu publicul \u0219i de a-\u021bi construi o identitate autentic\u0103 \u00een industria muzical\u0103.<\/p>\n<h3>Transform\u0103 pasiunea \u00een performan\u021b\u0103<\/h3>\n<p>Indiferent dac\u0103 e\u0219ti la \u00eenceput sau ai deja o baz\u0103, acest curs te ajut\u0103 s\u0103-\u021bi perfec\u021bionezi abilit\u0103\u021bile. \u00cenva\u021b\u0103 s\u0103 controlezi energia seturilor tale \u0219i s\u0103 devii un DJ profesionist recunoscut prin stilul t\u0103u unic.<\/p>\n<div class=\"host-lopnbnfpjmgpbppclhclehhgafnifija\" style=\"position: relative; z-index: 2147483647;\"><\/div>","protected":false},"excerpt":{"rendered":"<p data-start=\"557\" data-end=\"846\">Descoper\u0103 secretele mixajului \u0219i \u00eenva\u021b\u0103 s\u0103 folose\u0219ti Serato DJ ca un profesionist. \u00cen doar 8 sesiuni practice, \u00eenve\u021bi totul despre tehnici de mixaj, organizarea muzicii \u0219i folosirea creativ\u0103 a efectelor. Devino un DJ \u00eencrez\u0103tor, original \u0219i preg\u0103tit de scen\u0103!<\/p>\n<div class=\"host-lopnbnfpjmgpbppclhclehhgafnifija\" style=\"position: relative; z-index: 2147483647;\"><\/div>\n<div class=\"host-lopnbnfpjmgpbppclhclehhgafnifija\" style=\"position: relative; z-index: 2147483647;\"><\/div>","protected":false},"featured_media":2288,"comment_status":"open","ping_status":"closed","template":"","meta":{"_acf_changed":false},"duration":[54],"experience":[42],"product_brand":[],"product_cat":[50],"product_tag":[],"class_list":{"0":"post-375","1":"product","2":"type-product","3":"status-publish","4":"has-post-thumbnail","6":"duration-4-saptamani","7":"experience-intermediar","8":"product_cat-cursuri-digital-dj","10":"first","11":"instock","12":"taxable","13":"shipping-taxable","14":"purchasable","15":"product-type-simple"},"acf":[],"yoast_head":"<!-- This site is optimized with the Yoast SEO plugin v26.0 - https:\/\/yoast.com\/wordpress\/plugins\/seo\/ -->\n<title>Curs Dj Serato - Dj High Way<\/title>\n<meta name=\"description\" content=\"Descoper\u0103 Cursul DJ Serato \u2013 8 sesiuni practice \u0219i teorie aplicat\u0103. \u00cenva\u021b\u0103 s\u0103 folose\u0219ti software-ul Serato, s\u0103 mixezi creativ \u0219i s\u0103 devii DJ profesionist.\" \/>\n<meta name=\"robots\" content=\"index, follow, max-snippet:-1, max-image-preview:large, max-video-preview:-1\" \/>\n<link rel=\"canonical\" href=\"https:\/\/dj.deycrusader.ro\/ro\/course\/curs-dj-serato\/\" \/>\n<meta property=\"og:locale\" content=\"ro_RO\" \/>\n<meta property=\"og:type\" content=\"article\" \/>\n<meta property=\"og:title\" content=\"Curs Dj Serato - Dj High Way\" \/>\n<meta property=\"og:description\" content=\"Descoper\u0103 Cursul DJ Serato \u2013 8 sesiuni practice \u0219i teorie aplicat\u0103. \u00cenva\u021b\u0103 s\u0103 folose\u0219ti software-ul Serato, s\u0103 mixezi creativ \u0219i s\u0103 devii DJ profesionist.\" \/>\n<meta property=\"og:url\" content=\"https:\/\/dj.deycrusader.ro\/ro\/course\/curs-dj-serato\/\" \/>\n<meta property=\"og:site_name\" content=\"Dj High Way\" \/>\n<meta property=\"article:modified_time\" content=\"2025-10-14T08:30:48+00:00\" \/>\n<meta property=\"og:image\" content=\"https:\/\/dj.deycrusader.ro\/wp-content\/uploads\/2025\/06\/Dj-Digital-Serato-Square-min.webp\" \/>\n\t<meta property=\"og:image:width\" content=\"1000\" \/>\n\t<meta property=\"og:image:height\" content=\"1000\" \/>\n\t<meta property=\"og:image:type\" content=\"image\/webp\" \/>\n<meta name=\"twitter:card\" content=\"summary_large_image\" \/>\n<meta name=\"twitter:label1\" content=\"Timp estimat pentru citire\" \/>\n\t<meta name=\"twitter:data1\" content=\"2 minute\" \/>\n<script type=\"application\/ld+json\" class=\"yoast-schema-graph\">{\"@context\":\"https:\/\/schema.org\",\"@graph\":[{\"@type\":\"WebPage\",\"@id\":\"https:\/\/dj.deycrusader.ro\/course\/curs-dj-serato\/\",\"url\":\"https:\/\/dj.deycrusader.ro\/course\/curs-dj-serato\/\",\"name\":\"Curs Dj Serato - Dj High Way\",\"isPartOf\":{\"@id\":\"https:\/\/dj.deycrusader.ro\/#website\"},\"primaryImageOfPage\":{\"@id\":\"https:\/\/dj.deycrusader.ro\/course\/curs-dj-serato\/#primaryimage\"},\"image\":{\"@id\":\"https:\/\/dj.deycrusader.ro\/course\/curs-dj-serato\/#primaryimage\"},\"thumbnailUrl\":\"https:\/\/dj.deycrusader.ro\/wp-content\/uploads\/2025\/06\/Dj-Digital-Serato-Square-min.webp\",\"datePublished\":\"2025-06-30T08:44:29+00:00\",\"dateModified\":\"2025-10-14T08:30:48+00:00\",\"description\":\"Descoper\u0103 Cursul DJ Serato \u2013 8 sesiuni practice \u0219i teorie aplicat\u0103. \u00cenva\u021b\u0103 s\u0103 folose\u0219ti software-ul Serato, s\u0103 mixezi creativ \u0219i s\u0103 devii DJ profesionist.\",\"breadcrumb\":{\"@id\":\"https:\/\/dj.deycrusader.ro\/course\/curs-dj-serato\/#breadcrumb\"},\"inLanguage\":\"ro-RO\",\"potentialAction\":[{\"@type\":\"ReadAction\",\"target\":[\"https:\/\/dj.deycrusader.ro\/course\/curs-dj-serato\/\"]}]},{\"@type\":\"ImageObject\",\"inLanguage\":\"ro-RO\",\"@id\":\"https:\/\/dj.deycrusader.ro\/course\/curs-dj-serato\/#primaryimage\",\"url\":\"https:\/\/dj.deycrusader.ro\/wp-content\/uploads\/2025\/06\/Dj-Digital-Serato-Square-min.webp\",\"contentUrl\":\"https:\/\/dj.deycrusader.ro\/wp-content\/uploads\/2025\/06\/Dj-Digital-Serato-Square-min.webp\",\"width\":1000,\"height\":1000,\"caption\":\"Dj Digital Serato Square-min\"},{\"@type\":\"BreadcrumbList\",\"@id\":\"https:\/\/dj.deycrusader.ro\/course\/curs-dj-serato\/#breadcrumb\",\"itemListElement\":[{\"@type\":\"ListItem\",\"position\":1,\"name\":\"Home\",\"item\":\"https:\/\/dj.deycrusader.ro\/\"},{\"@type\":\"ListItem\",\"position\":2,\"name\":\"Products\",\"item\":\"https:\/\/dj.deycrusader.ro\/ro\/course\/\"},{\"@type\":\"ListItem\",\"position\":3,\"name\":\"Curs Dj Serato\"}]},{\"@type\":\"WebSite\",\"@id\":\"https:\/\/dj.deycrusader.ro\/#website\",\"url\":\"https:\/\/dj.deycrusader.ro\/\",\"name\":\"Dj High Way\",\"description\":\"Scoala de Dj si Productie Muzicala\",\"potentialAction\":[{\"@type\":\"SearchAction\",\"target\":{\"@type\":\"EntryPoint\",\"urlTemplate\":\"https:\/\/dj.deycrusader.ro\/?s={search_term_string}\"},\"query-input\":{\"@type\":\"PropertyValueSpecification\",\"valueRequired\":true,\"valueName\":\"search_term_string\"}}],\"inLanguage\":\"ro-RO\"}]}<\/script>\n<!-- \/ Yoast SEO plugin. -->","yoast_head_json":{"title":"Curs Dj Serato - Dj High Way","description":"Descoper\u0103 Cursul DJ Serato \u2013 8 sesiuni practice \u0219i teorie aplicat\u0103. \u00cenva\u021b\u0103 s\u0103 folose\u0219ti software-ul Serato, s\u0103 mixezi creativ \u0219i s\u0103 devii DJ profesionist.","robots":{"index":"index","follow":"follow","max-snippet":"max-snippet:-1","max-image-preview":"max-image-preview:large","max-video-preview":"max-video-preview:-1"},"canonical":"https:\/\/dj.deycrusader.ro\/ro\/course\/curs-dj-serato\/","og_locale":"ro_RO","og_type":"article","og_title":"Curs Dj Serato - Dj High Way","og_description":"Descoper\u0103 Cursul DJ Serato \u2013 8 sesiuni practice \u0219i teorie aplicat\u0103. \u00cenva\u021b\u0103 s\u0103 folose\u0219ti software-ul Serato, s\u0103 mixezi creativ \u0219i s\u0103 devii DJ profesionist.","og_url":"https:\/\/dj.deycrusader.ro\/ro\/course\/curs-dj-serato\/","og_site_name":"Dj High Way","article_modified_time":"2025-10-14T08:30:48+00:00","og_image":[{"width":1000,"height":1000,"url":"https:\/\/dj.deycrusader.ro\/wp-content\/uploads\/2025\/06\/Dj-Digital-Serato-Square-min.webp","type":"image\/webp"}],"twitter_card":"summary_large_image","twitter_misc":{"Timp estimat pentru citire":"2 minute"},"schema":{"@context":"https:\/\/schema.org","@graph":[{"@type":"WebPage","@id":"https:\/\/dj.deycrusader.ro\/course\/curs-dj-serato\/","url":"https:\/\/dj.deycrusader.ro\/course\/curs-dj-serato\/","name":"Curs Dj Serato - Dj High Way","isPartOf":{"@id":"https:\/\/dj.deycrusader.ro\/#website"},"primaryImageOfPage":{"@id":"https:\/\/dj.deycrusader.ro\/course\/curs-dj-serato\/#primaryimage"},"image":{"@id":"https:\/\/dj.deycrusader.ro\/course\/curs-dj-serato\/#primaryimage"},"thumbnailUrl":"https:\/\/dj.deycrusader.ro\/wp-content\/uploads\/2025\/06\/Dj-Digital-Serato-Square-min.webp","datePublished":"2025-06-30T08:44:29+00:00","dateModified":"2025-10-14T08:30:48+00:00","description":"Descoper\u0103 Cursul DJ Serato \u2013 8 sesiuni practice \u0219i teorie aplicat\u0103. \u00cenva\u021b\u0103 s\u0103 folose\u0219ti software-ul Serato, s\u0103 mixezi creativ \u0219i s\u0103 devii DJ profesionist.","breadcrumb":{"@id":"https:\/\/dj.deycrusader.ro\/course\/curs-dj-serato\/#breadcrumb"},"inLanguage":"ro-RO","potentialAction":[{"@type":"ReadAction","target":["https:\/\/dj.deycrusader.ro\/course\/curs-dj-serato\/"]}]},{"@type":"ImageObject","inLanguage":"ro-RO","@id":"https:\/\/dj.deycrusader.ro\/course\/curs-dj-serato\/#primaryimage","url":"https:\/\/dj.deycrusader.ro\/wp-content\/uploads\/2025\/06\/Dj-Digital-Serato-Square-min.webp","contentUrl":"https:\/\/dj.deycrusader.ro\/wp-content\/uploads\/2025\/06\/Dj-Digital-Serato-Square-min.webp","width":1000,"height":1000,"caption":"Dj Digital Serato Square-min"},{"@type":"BreadcrumbList","@id":"https:\/\/dj.deycrusader.ro\/course\/curs-dj-serato\/#breadcrumb","itemListElement":[{"@type":"ListItem","position":1,"name":"Home","item":"https:\/\/dj.deycrusader.ro\/"},{"@type":"ListItem","position":2,"name":"Products","item":"https:\/\/dj.deycrusader.ro\/ro\/course\/"},{"@type":"ListItem","position":3,"name":"Curs Dj Serato"}]},{"@type":"WebSite","@id":"https:\/\/dj.deycrusader.ro\/#website","url":"https:\/\/dj.deycrusader.ro\/","name":"Dj High Way","description":"Scoala de Dj si Productie Muzicala","potentialAction":[{"@type":"SearchAction","target":{"@type":"EntryPoint","urlTemplate":"https:\/\/dj.deycrusader.ro\/?s={search_term_string}"},"query-input":{"@type":"PropertyValueSpecification","valueRequired":true,"valueName":"search_term_string"}}],"inLanguage":"ro-RO"}]}},"jetpack_sharing_enabled":true,"_links":{"self":[{"href":"https:\/\/dj.deycrusader.ro\/ro\/wp-json\/wp\/v2\/product\/375","targetHints":{"allow":["GET"]}}],"collection":[{"href":"https:\/\/dj.deycrusader.ro\/ro\/wp-json\/wp\/v2\/product"}],"about":[{"href":"https:\/\/dj.deycrusader.ro\/ro\/wp-json\/wp\/v2\/types\/product"}],"replies":[{"embeddable":true,"href":"https:\/\/dj.deycrusader.ro\/ro\/wp-json\/wp\/v2\/comments?post=375"}],"wp:featuredmedia":[{"embeddable":true,"href":"https:\/\/dj.deycrusader.ro\/ro\/wp-json\/wp\/v2\/media\/2288"}],"wp:attachment":[{"href":"https:\/\/dj.deycrusader.ro\/ro\/wp-json\/wp\/v2\/media?parent=375"}],"wp:term":[{"taxonomy":"duration","embeddable":true,"href":"https:\/\/dj.deycrusader.ro\/ro\/wp-json\/wp\/v2\/duration?post=375"},{"taxonomy":"experience","embeddable":true,"href":"https:\/\/dj.deycrusader.ro\/ro\/wp-json\/wp\/v2\/experience?post=375"},{"taxonomy":"product_brand","embeddable":true,"href":"https:\/\/dj.deycrusader.ro\/ro\/wp-json\/wp\/v2\/product_brand?post=375"},{"taxonomy":"product_cat","embeddable":true,"href":"https:\/\/dj.deycrusader.ro\/ro\/wp-json\/wp\/v2\/product_cat?post=375"},{"taxonomy":"product_tag","embeddable":true,"href":"https:\/\/dj.deycrusader.ro\/ro\/wp-json\/wp\/v2\/product_tag?post=375"}],"curies":[{"name":"wp","href":"https:\/\/api.w.org\/{rel}","templated":true}]}}