{"id":2656,"date":"2025-09-10T13:00:41","date_gmt":"2025-09-10T13:00:41","guid":{"rendered":"https:\/\/dj.deycrusader.ro\/?post_type=product&#038;p=2656"},"modified":"2025-10-14T08:40:03","modified_gmt":"2025-10-14T08:40:03","slug":"practica-studio-dj-fara-trainer","status":"publish","type":"product","link":"https:\/\/dj.deycrusader.ro\/ro\/course\/practica-studio-dj-fara-trainer\/","title":{"rendered":"Practica Studio Dj \u2013 f\u0103r\u0103 Trainer"},"content":{"rendered":"<h1>Practica Studio DJ f\u0103r\u0103 Trainer \u2013 exerseaz\u0103 liber, \u00een propriul ritm<\/h1>\n<p>Practica Studio DJ f\u0103r\u0103 Trainer este conceput\u0103 pentru DJ-ii care vor s\u0103 lucreze independent, \u00eentr-un studio complet echipat. Ai acces la toat\u0103 aparatura necesar\u0103 \u0219i la un mediu profesionist care te inspir\u0103 s\u0103 evoluezi.<\/p>\n<h2>Experimenteaz\u0103 \u0219i perfec\u021bioneaz\u0103-\u021bi abilit\u0103\u021bile<\/h2>\n<p>\u00cen cadrul acestei sesiuni, po\u021bi experimenta liber, testa idei noi \u0219i exersa tehnicile \u00eenv\u0103\u021bate anterior. \u00ce\u021bi po\u021bi construi propriile seturi, \u00een timp ce descoperi \u0219i rafinezi stilul t\u0103u personal de mixaj.<\/p>\n<p>Totul se desf\u0103\u0219oar\u0103 \u00eentr-un cadru care simuleaz\u0103 condi\u021biile reale dintr-un club sau eveniment. Astfel, cape\u021bi \u00eencredere \u0219i te obi\u0219nuie\u0219ti cu atmosfera de performan\u021b\u0103 live.<\/p>\n<h2>Dezvolt\u0103-\u021bi autonomia \u0219i disciplina de lucru<\/h2>\n<p>Principalul avantaj al acestei sesiuni este libertatea total\u0103. Practica DJ f\u0103r\u0103 trainer te ajut\u0103 s\u0103 devii autonom, s\u0103 \u00ee\u021bi gestionezi timpul \u0219i s\u0103 \u00ee\u021bi creezi propria disciplin\u0103 de lucru.<\/p>\n<p>Lucr\u00e2nd pe cont propriu, \u00eenve\u021bi s\u0103 iei decizii rapide, s\u0103 reac\u021bionezi la dinamica setului \u0219i s\u0103 \u00ee\u021bi perfec\u021bionezi execu\u021bia prin repeti\u021bie constant\u0103.<\/p>\n<h3>De la exerci\u021biu la performan\u021b\u0103 autentic\u0103<\/h3>\n<p>Practica individual\u0103 nu este doar o simpl\u0103 repeti\u021bie tehnic\u0103. Este o experien\u021b\u0103 care te ajut\u0103 s\u0103-\u021bi descoperi vocea artistic\u0103 \u0219i s\u0103 faci trecerea natural\u0103 de la \u00eenv\u0103\u021bare la performan\u021b\u0103 real\u0103 pe scen\u0103.<\/p>\n<div class=\"host-lopnbnfpjmgpbppclhclehhgafnifija\" style=\"position: relative; z-index: 2147483647;\"><\/div>","protected":false},"excerpt":{"rendered":"<p data-start=\"303\" data-end=\"427\">Sesiunea de practic\u0103 DJ: \u00eenve\u021bi s\u0103 te bazezi pe propriile decizii, s\u0103 \u00ee\u021bi gestionezi timpul \u0219i s\u0103 \u00ee\u021bi creezi o disciplin\u0103 de lucru.<\/p>\n<div class=\"host-lopnbnfpjmgpbppclhclehhgafnifija\" style=\"position: relative; z-index: 2147483647;\"><\/div>","protected":false},"featured_media":2296,"comment_status":"open","ping_status":"closed","template":"","meta":{"_acf_changed":false},"duration":[58],"experience":[60],"product_brand":[],"product_cat":[53],"product_tag":[],"class_list":{"0":"post-2656","1":"product","2":"type-product","3":"status-publish","4":"has-post-thumbnail","6":"duration-o-sesiune","7":"experience-pro","8":"product_cat-inchiriere-studio","10":"first","11":"instock","12":"taxable","13":"shipping-taxable","14":"purchasable","15":"product-type-simple"},"acf":[],"yoast_head":"<!-- This site is optimized with the Yoast SEO plugin v26.0 - https:\/\/yoast.com\/wordpress\/plugins\/seo\/ -->\n<title>Practica Studio Dj \u2013 f\u0103r\u0103 Trainer - Dj High Way<\/title>\n<meta name=\"description\" content=\"Practica Studio Dj \u2013 f\u0103r\u0103 Trainer -este conceput\u0103 pentru a-\u021bi oferi libertatea de a lucra pe cont propriu, \u00eentr-un mediu complet echipat.\" \/>\n<meta name=\"robots\" content=\"index, follow, max-snippet:-1, max-image-preview:large, max-video-preview:-1\" \/>\n<link rel=\"canonical\" href=\"https:\/\/dj.deycrusader.ro\/ro\/course\/practica-studio-dj-fara-trainer\/\" \/>\n<meta property=\"og:locale\" content=\"ro_RO\" \/>\n<meta property=\"og:type\" content=\"article\" \/>\n<meta property=\"og:title\" content=\"Practica Studio Dj \u2013 f\u0103r\u0103 Trainer - Dj High Way\" \/>\n<meta property=\"og:description\" content=\"Practica Studio Dj \u2013 f\u0103r\u0103 Trainer -este conceput\u0103 pentru a-\u021bi oferi libertatea de a lucra pe cont propriu, \u00eentr-un mediu complet echipat.\" \/>\n<meta property=\"og:url\" content=\"https:\/\/dj.deycrusader.ro\/ro\/course\/practica-studio-dj-fara-trainer\/\" \/>\n<meta property=\"og:site_name\" content=\"Dj High Way\" \/>\n<meta property=\"article:modified_time\" content=\"2025-10-14T08:40:03+00:00\" \/>\n<meta property=\"og:image\" content=\"https:\/\/dj.deycrusader.ro\/wp-content\/uploads\/2025\/06\/Practica-Studio-Dj-fara-Trainer-Square-min.webp\" \/>\n\t<meta property=\"og:image:width\" content=\"1000\" \/>\n\t<meta property=\"og:image:height\" content=\"1000\" \/>\n\t<meta property=\"og:image:type\" content=\"image\/webp\" \/>\n<meta name=\"twitter:card\" content=\"summary_large_image\" \/>\n<meta name=\"twitter:label1\" content=\"Timp estimat pentru citire\" \/>\n\t<meta name=\"twitter:data1\" content=\"2 minute\" \/>\n<script type=\"application\/ld+json\" class=\"yoast-schema-graph\">{\"@context\":\"https:\/\/schema.org\",\"@graph\":[{\"@type\":\"WebPage\",\"@id\":\"https:\/\/dj.deycrusader.ro\/course\/practica-studio-dj-fara-trainer\/\",\"url\":\"https:\/\/dj.deycrusader.ro\/course\/practica-studio-dj-fara-trainer\/\",\"name\":\"Practica Studio Dj \u2013 f\u0103r\u0103 Trainer - Dj High Way\",\"isPartOf\":{\"@id\":\"https:\/\/dj.deycrusader.ro\/#website\"},\"primaryImageOfPage\":{\"@id\":\"https:\/\/dj.deycrusader.ro\/course\/practica-studio-dj-fara-trainer\/#primaryimage\"},\"image\":{\"@id\":\"https:\/\/dj.deycrusader.ro\/course\/practica-studio-dj-fara-trainer\/#primaryimage\"},\"thumbnailUrl\":\"https:\/\/dj.deycrusader.ro\/wp-content\/uploads\/2025\/06\/Practica-Studio-Dj-fara-Trainer-Square-min.webp\",\"datePublished\":\"2025-09-10T13:00:41+00:00\",\"dateModified\":\"2025-10-14T08:40:03+00:00\",\"description\":\"Practica Studio Dj \u2013 f\u0103r\u0103 Trainer -este conceput\u0103 pentru a-\u021bi oferi libertatea de a lucra pe cont propriu, \u00eentr-un mediu complet echipat.\",\"breadcrumb\":{\"@id\":\"https:\/\/dj.deycrusader.ro\/course\/practica-studio-dj-fara-trainer\/#breadcrumb\"},\"inLanguage\":\"ro-RO\",\"potentialAction\":[{\"@type\":\"ReadAction\",\"target\":[\"https:\/\/dj.deycrusader.ro\/course\/practica-studio-dj-fara-trainer\/\"]}]},{\"@type\":\"ImageObject\",\"inLanguage\":\"ro-RO\",\"@id\":\"https:\/\/dj.deycrusader.ro\/course\/practica-studio-dj-fara-trainer\/#primaryimage\",\"url\":\"https:\/\/dj.deycrusader.ro\/wp-content\/uploads\/2025\/06\/Practica-Studio-Dj-fara-Trainer-Square-min.webp\",\"contentUrl\":\"https:\/\/dj.deycrusader.ro\/wp-content\/uploads\/2025\/06\/Practica-Studio-Dj-fara-Trainer-Square-min.webp\",\"width\":1000,\"height\":1000,\"caption\":\"Practica Studio Dj fara Trainer Square-min\"},{\"@type\":\"BreadcrumbList\",\"@id\":\"https:\/\/dj.deycrusader.ro\/course\/practica-studio-dj-fara-trainer\/#breadcrumb\",\"itemListElement\":[{\"@type\":\"ListItem\",\"position\":1,\"name\":\"Home\",\"item\":\"https:\/\/dj.deycrusader.ro\/\"},{\"@type\":\"ListItem\",\"position\":2,\"name\":\"Products\",\"item\":\"https:\/\/dj.deycrusader.ro\/ro\/course\/\"},{\"@type\":\"ListItem\",\"position\":3,\"name\":\"Practica Studio Dj \u2013 f\u0103r\u0103 Trainer\"}]},{\"@type\":\"WebSite\",\"@id\":\"https:\/\/dj.deycrusader.ro\/#website\",\"url\":\"https:\/\/dj.deycrusader.ro\/\",\"name\":\"Dj High Way\",\"description\":\"Scoala de Dj si Productie Muzicala\",\"potentialAction\":[{\"@type\":\"SearchAction\",\"target\":{\"@type\":\"EntryPoint\",\"urlTemplate\":\"https:\/\/dj.deycrusader.ro\/?s={search_term_string}\"},\"query-input\":{\"@type\":\"PropertyValueSpecification\",\"valueRequired\":true,\"valueName\":\"search_term_string\"}}],\"inLanguage\":\"ro-RO\"}]}<\/script>\n<!-- \/ Yoast SEO plugin. -->","yoast_head_json":{"title":"Practica Studio Dj \u2013 f\u0103r\u0103 Trainer - Dj High Way","description":"Practica Studio Dj \u2013 f\u0103r\u0103 Trainer -este conceput\u0103 pentru a-\u021bi oferi libertatea de a lucra pe cont propriu, \u00eentr-un mediu complet echipat.","robots":{"index":"index","follow":"follow","max-snippet":"max-snippet:-1","max-image-preview":"max-image-preview:large","max-video-preview":"max-video-preview:-1"},"canonical":"https:\/\/dj.deycrusader.ro\/ro\/course\/practica-studio-dj-fara-trainer\/","og_locale":"ro_RO","og_type":"article","og_title":"Practica Studio Dj \u2013 f\u0103r\u0103 Trainer - Dj High Way","og_description":"Practica Studio Dj \u2013 f\u0103r\u0103 Trainer -este conceput\u0103 pentru a-\u021bi oferi libertatea de a lucra pe cont propriu, \u00eentr-un mediu complet echipat.","og_url":"https:\/\/dj.deycrusader.ro\/ro\/course\/practica-studio-dj-fara-trainer\/","og_site_name":"Dj High Way","article_modified_time":"2025-10-14T08:40:03+00:00","og_image":[{"width":1000,"height":1000,"url":"https:\/\/dj.deycrusader.ro\/wp-content\/uploads\/2025\/06\/Practica-Studio-Dj-fara-Trainer-Square-min.webp","type":"image\/webp"}],"twitter_card":"summary_large_image","twitter_misc":{"Timp estimat pentru citire":"2 minute"},"schema":{"@context":"https:\/\/schema.org","@graph":[{"@type":"WebPage","@id":"https:\/\/dj.deycrusader.ro\/course\/practica-studio-dj-fara-trainer\/","url":"https:\/\/dj.deycrusader.ro\/course\/practica-studio-dj-fara-trainer\/","name":"Practica Studio Dj \u2013 f\u0103r\u0103 Trainer - Dj High Way","isPartOf":{"@id":"https:\/\/dj.deycrusader.ro\/#website"},"primaryImageOfPage":{"@id":"https:\/\/dj.deycrusader.ro\/course\/practica-studio-dj-fara-trainer\/#primaryimage"},"image":{"@id":"https:\/\/dj.deycrusader.ro\/course\/practica-studio-dj-fara-trainer\/#primaryimage"},"thumbnailUrl":"https:\/\/dj.deycrusader.ro\/wp-content\/uploads\/2025\/06\/Practica-Studio-Dj-fara-Trainer-Square-min.webp","datePublished":"2025-09-10T13:00:41+00:00","dateModified":"2025-10-14T08:40:03+00:00","description":"Practica Studio Dj \u2013 f\u0103r\u0103 Trainer -este conceput\u0103 pentru a-\u021bi oferi libertatea de a lucra pe cont propriu, \u00eentr-un mediu complet echipat.","breadcrumb":{"@id":"https:\/\/dj.deycrusader.ro\/course\/practica-studio-dj-fara-trainer\/#breadcrumb"},"inLanguage":"ro-RO","potentialAction":[{"@type":"ReadAction","target":["https:\/\/dj.deycrusader.ro\/course\/practica-studio-dj-fara-trainer\/"]}]},{"@type":"ImageObject","inLanguage":"ro-RO","@id":"https:\/\/dj.deycrusader.ro\/course\/practica-studio-dj-fara-trainer\/#primaryimage","url":"https:\/\/dj.deycrusader.ro\/wp-content\/uploads\/2025\/06\/Practica-Studio-Dj-fara-Trainer-Square-min.webp","contentUrl":"https:\/\/dj.deycrusader.ro\/wp-content\/uploads\/2025\/06\/Practica-Studio-Dj-fara-Trainer-Square-min.webp","width":1000,"height":1000,"caption":"Practica Studio Dj fara Trainer Square-min"},{"@type":"BreadcrumbList","@id":"https:\/\/dj.deycrusader.ro\/course\/practica-studio-dj-fara-trainer\/#breadcrumb","itemListElement":[{"@type":"ListItem","position":1,"name":"Home","item":"https:\/\/dj.deycrusader.ro\/"},{"@type":"ListItem","position":2,"name":"Products","item":"https:\/\/dj.deycrusader.ro\/ro\/course\/"},{"@type":"ListItem","position":3,"name":"Practica Studio Dj \u2013 f\u0103r\u0103 Trainer"}]},{"@type":"WebSite","@id":"https:\/\/dj.deycrusader.ro\/#website","url":"https:\/\/dj.deycrusader.ro\/","name":"Dj High Way","description":"Scoala de Dj si Productie Muzicala","potentialAction":[{"@type":"SearchAction","target":{"@type":"EntryPoint","urlTemplate":"https:\/\/dj.deycrusader.ro\/?s={search_term_string}"},"query-input":{"@type":"PropertyValueSpecification","valueRequired":true,"valueName":"search_term_string"}}],"inLanguage":"ro-RO"}]}},"jetpack_sharing_enabled":true,"_links":{"self":[{"href":"https:\/\/dj.deycrusader.ro\/ro\/wp-json\/wp\/v2\/product\/2656","targetHints":{"allow":["GET"]}}],"collection":[{"href":"https:\/\/dj.deycrusader.ro\/ro\/wp-json\/wp\/v2\/product"}],"about":[{"href":"https:\/\/dj.deycrusader.ro\/ro\/wp-json\/wp\/v2\/types\/product"}],"replies":[{"embeddable":true,"href":"https:\/\/dj.deycrusader.ro\/ro\/wp-json\/wp\/v2\/comments?post=2656"}],"wp:featuredmedia":[{"embeddable":true,"href":"https:\/\/dj.deycrusader.ro\/ro\/wp-json\/wp\/v2\/media\/2296"}],"wp:attachment":[{"href":"https:\/\/dj.deycrusader.ro\/ro\/wp-json\/wp\/v2\/media?parent=2656"}],"wp:term":[{"taxonomy":"duration","embeddable":true,"href":"https:\/\/dj.deycrusader.ro\/ro\/wp-json\/wp\/v2\/duration?post=2656"},{"taxonomy":"experience","embeddable":true,"href":"https:\/\/dj.deycrusader.ro\/ro\/wp-json\/wp\/v2\/experience?post=2656"},{"taxonomy":"product_brand","embeddable":true,"href":"https:\/\/dj.deycrusader.ro\/ro\/wp-json\/wp\/v2\/product_brand?post=2656"},{"taxonomy":"product_cat","embeddable":true,"href":"https:\/\/dj.deycrusader.ro\/ro\/wp-json\/wp\/v2\/product_cat?post=2656"},{"taxonomy":"product_tag","embeddable":true,"href":"https:\/\/dj.deycrusader.ro\/ro\/wp-json\/wp\/v2\/product_tag?post=2656"}],"curies":[{"name":"wp","href":"https:\/\/api.w.org\/{rel}","templated":true}]}}