{"id":2328,"date":"2025-08-23T01:59:49","date_gmt":"2025-08-23T01:59:49","guid":{"rendered":"https:\/\/dj.deycrusader.ro\/?post_type=product&#038;p=2328"},"modified":"2025-10-14T08:39:15","modified_gmt":"2025-10-14T08:39:15","slug":"abonament-studio-dj-fara-trainer","status":"publish","type":"product","link":"https:\/\/dj.deycrusader.ro\/ro\/course\/abonament-studio-dj-fara-trainer\/","title":{"rendered":"Abonament Studio Dj fara Trainer"},"content":{"rendered":"<h1>Abonament Studio DJ f\u0103r\u0103 Trainer \u2013 exerseaz\u0103 pe cont propriu \u00een studio profesionist<\/h1>\n<p>Abonamentul Studio DJ f\u0103r\u0103 Trainer este alegerea ideal\u0103 pentru cei care vor s\u0103 exerseze independent, \u00eentr-un mediu profesionist. Ai acces complet la echipamente de ultim\u0103 genera\u021bie, perfect \u00eentre\u021binute \u0219i preg\u0103tite pentru sesiuni de practic\u0103 intens\u0103.<\/p>\n<h2>Echipamente profesionale disponibile \u00een studio<\/h2>\n<p>\u00cen cadrul abonamentului, po\u021bi alege dintre 8 mixere de top din industrie: Pioneer DJ DJM-900-NXS2, Pioneer DJ DJM-V10-LF, Pioneer DJ DJM-S9, X-One 92, X-One 96, Rane MP2015, Model 1 \u2013 Play Differently \u0219i Rane Seventy-Two MK2.<\/p>\n<p>De asemenea, po\u021bi testa \u0219i alte echipamente esen\u021biale pentru un setup complet: Pioneer DJ CDJ-3000, Pioneer DJ CDJ-2000-NXS2, Pioneer DJ RMX-1000, Roland HPD-20, Rane Twelve MK2 \u0219i Traktor X1\/Z1.<\/p>\n<h2>Libertate total\u0103 de a experimenta<\/h2>\n<p>Abonamentul Studio DJ f\u0103r\u0103 Trainer \u00ee\u021bi ofer\u0103 libertatea de a experimenta \u00een propriul ritm. Po\u021bi exersa oric\u00e2nd, f\u0103r\u0103 constr\u00e2ngeri, \u0219i \u00ee\u021bi po\u021bi perfec\u021biona tehnicile prin practic\u0103 constant\u0103.<\/p>\n<p>Este solu\u021bia perfect\u0103 pentru DJ-ii care doresc s\u0103 se antreneze pe echipamente profesionale, s\u0103 se familiarizeze cu diferite modele \u0219i s\u0103-\u0219i dezvolte creativitatea \u00eentr-un cadru modern.<\/p>\n<h2>Preg\u0103tire pentru evenimente reale<\/h2>\n<p>Prin acest abonament, ai ocazia s\u0103 lucrezi \u00eentr-un studio complet echipat \u0219i s\u0103 \u00ee\u021bi ridici nivelul de performan\u021b\u0103. Exers\u00e2nd constant, te vei sim\u021bi preg\u0103tit pentru apari\u021bii live, concursuri sau evenimente private.<\/p>\n<h3>Perfec\u021bioneaz\u0103-\u021bi tehnica \u0219i stilul personal<\/h3>\n<p>Fie c\u0103 vrei s\u0103-\u021bi construie\u0219ti seturi originale sau s\u0103 testezi noi combina\u021bii de mixaj, Abonamentul Studio DJ f\u0103r\u0103 Trainer \u00ee\u021bi ofer\u0103 spa\u021biul \u0219i echipamentele necesare pentru a evolua ca artist.<\/p>\n<div class=\"host-lopnbnfpjmgpbppclhclehhgafnifija\" style=\"position: relative; z-index: 2147483647;\"><\/div>","protected":false},"excerpt":{"rendered":"<p data-start=\"317\" data-end=\"462\">Abonamentul Studio DJ f\u0103r\u0103 Trainer: practic\u0103 liber \u00een studiouri profesionale, cu acces la mixere \u0219i echipamente premium pentru seturi complete.<\/p>\n<div class=\"host-lopnbnfpjmgpbppclhclehhgafnifija\" style=\"position: relative; z-index: 2147483647;\"><\/div>","protected":false},"featured_media":2301,"comment_status":"open","ping_status":"closed","template":"","meta":{"_acf_changed":false},"duration":[57],"experience":[60],"product_brand":[],"product_cat":[53],"product_tag":[],"class_list":{"0":"post-2328","1":"product","2":"type-product","3":"status-publish","4":"has-post-thumbnail","6":"duration-lunar","7":"experience-pro","8":"product_cat-inchiriere-studio","10":"first","11":"instock","12":"taxable","13":"shipping-taxable","14":"purchasable","15":"product-type-simple"},"acf":[],"yoast_head":"<!-- This site is optimized with the Yoast SEO plugin v26.0 - https:\/\/yoast.com\/wordpress\/plugins\/seo\/ -->\n<title>Abonament Studio Dj fara Trainer - Dj High Way<\/title>\n<meta name=\"description\" content=\"Abonament Studio Dj fara Trainer: studiouri profesionale \u0219i echipamente premium pentru a-\u021bi crea seturi audio de promovare.\" \/>\n<meta name=\"robots\" content=\"index, follow, max-snippet:-1, max-image-preview:large, max-video-preview:-1\" \/>\n<link rel=\"canonical\" href=\"https:\/\/dj.deycrusader.ro\/ro\/course\/abonament-studio-dj-fara-trainer\/\" \/>\n<meta property=\"og:locale\" content=\"ro_RO\" \/>\n<meta property=\"og:type\" content=\"article\" \/>\n<meta property=\"og:title\" content=\"Abonament Studio Dj fara Trainer - Dj High Way\" \/>\n<meta property=\"og:description\" content=\"Abonament Studio Dj fara Trainer: studiouri profesionale \u0219i echipamente premium pentru a-\u021bi crea seturi audio de promovare.\" \/>\n<meta property=\"og:url\" content=\"https:\/\/dj.deycrusader.ro\/ro\/course\/abonament-studio-dj-fara-trainer\/\" \/>\n<meta property=\"og:site_name\" content=\"Dj High Way\" \/>\n<meta property=\"article:modified_time\" content=\"2025-10-14T08:39:15+00:00\" \/>\n<meta property=\"og:image\" content=\"https:\/\/dj.deycrusader.ro\/wp-content\/uploads\/2025\/06\/Abonament-Studio-Dj-Square-min.webp\" \/>\n\t<meta property=\"og:image:width\" content=\"1000\" \/>\n\t<meta property=\"og:image:height\" content=\"1000\" \/>\n\t<meta property=\"og:image:type\" content=\"image\/webp\" \/>\n<meta name=\"twitter:card\" content=\"summary_large_image\" \/>\n<meta name=\"twitter:label1\" content=\"Timp estimat pentru citire\" \/>\n\t<meta name=\"twitter:data1\" content=\"2 minute\" \/>\n<script type=\"application\/ld+json\" class=\"yoast-schema-graph\">{\"@context\":\"https:\/\/schema.org\",\"@graph\":[{\"@type\":\"WebPage\",\"@id\":\"https:\/\/dj.deycrusader.ro\/course\/abonament-studio-dj-fara-trainer\/\",\"url\":\"https:\/\/dj.deycrusader.ro\/course\/abonament-studio-dj-fara-trainer\/\",\"name\":\"Abonament Studio Dj fara Trainer - Dj High Way\",\"isPartOf\":{\"@id\":\"https:\/\/dj.deycrusader.ro\/#website\"},\"primaryImageOfPage\":{\"@id\":\"https:\/\/dj.deycrusader.ro\/course\/abonament-studio-dj-fara-trainer\/#primaryimage\"},\"image\":{\"@id\":\"https:\/\/dj.deycrusader.ro\/course\/abonament-studio-dj-fara-trainer\/#primaryimage\"},\"thumbnailUrl\":\"https:\/\/dj.deycrusader.ro\/wp-content\/uploads\/2025\/06\/Abonament-Studio-Dj-Square-min.webp\",\"datePublished\":\"2025-08-23T01:59:49+00:00\",\"dateModified\":\"2025-10-14T08:39:15+00:00\",\"description\":\"Abonament Studio Dj fara Trainer: studiouri profesionale \u0219i echipamente premium pentru a-\u021bi crea seturi audio de promovare.\",\"breadcrumb\":{\"@id\":\"https:\/\/dj.deycrusader.ro\/course\/abonament-studio-dj-fara-trainer\/#breadcrumb\"},\"inLanguage\":\"ro-RO\",\"potentialAction\":[{\"@type\":\"ReadAction\",\"target\":[\"https:\/\/dj.deycrusader.ro\/course\/abonament-studio-dj-fara-trainer\/\"]}]},{\"@type\":\"ImageObject\",\"inLanguage\":\"ro-RO\",\"@id\":\"https:\/\/dj.deycrusader.ro\/course\/abonament-studio-dj-fara-trainer\/#primaryimage\",\"url\":\"https:\/\/dj.deycrusader.ro\/wp-content\/uploads\/2025\/06\/Abonament-Studio-Dj-Square-min.webp\",\"contentUrl\":\"https:\/\/dj.deycrusader.ro\/wp-content\/uploads\/2025\/06\/Abonament-Studio-Dj-Square-min.webp\",\"width\":1000,\"height\":1000,\"caption\":\"Abonament Studio Dj fara Trainer\"},{\"@type\":\"BreadcrumbList\",\"@id\":\"https:\/\/dj.deycrusader.ro\/course\/abonament-studio-dj-fara-trainer\/#breadcrumb\",\"itemListElement\":[{\"@type\":\"ListItem\",\"position\":1,\"name\":\"Home\",\"item\":\"https:\/\/dj.deycrusader.ro\/\"},{\"@type\":\"ListItem\",\"position\":2,\"name\":\"Products\",\"item\":\"https:\/\/dj.deycrusader.ro\/ro\/course\/\"},{\"@type\":\"ListItem\",\"position\":3,\"name\":\"Abonament Studio Dj fara Trainer\"}]},{\"@type\":\"WebSite\",\"@id\":\"https:\/\/dj.deycrusader.ro\/#website\",\"url\":\"https:\/\/dj.deycrusader.ro\/\",\"name\":\"Dj High Way\",\"description\":\"Scoala de Dj si Productie Muzicala\",\"potentialAction\":[{\"@type\":\"SearchAction\",\"target\":{\"@type\":\"EntryPoint\",\"urlTemplate\":\"https:\/\/dj.deycrusader.ro\/?s={search_term_string}\"},\"query-input\":{\"@type\":\"PropertyValueSpecification\",\"valueRequired\":true,\"valueName\":\"search_term_string\"}}],\"inLanguage\":\"ro-RO\"}]}<\/script>\n<!-- \/ Yoast SEO plugin. -->","yoast_head_json":{"title":"Abonament Studio Dj fara Trainer - Dj High Way","description":"Abonament Studio Dj fara Trainer: studiouri profesionale \u0219i echipamente premium pentru a-\u021bi crea seturi audio de promovare.","robots":{"index":"index","follow":"follow","max-snippet":"max-snippet:-1","max-image-preview":"max-image-preview:large","max-video-preview":"max-video-preview:-1"},"canonical":"https:\/\/dj.deycrusader.ro\/ro\/course\/abonament-studio-dj-fara-trainer\/","og_locale":"ro_RO","og_type":"article","og_title":"Abonament Studio Dj fara Trainer - Dj High Way","og_description":"Abonament Studio Dj fara Trainer: studiouri profesionale \u0219i echipamente premium pentru a-\u021bi crea seturi audio de promovare.","og_url":"https:\/\/dj.deycrusader.ro\/ro\/course\/abonament-studio-dj-fara-trainer\/","og_site_name":"Dj High Way","article_modified_time":"2025-10-14T08:39:15+00:00","og_image":[{"width":1000,"height":1000,"url":"https:\/\/dj.deycrusader.ro\/wp-content\/uploads\/2025\/06\/Abonament-Studio-Dj-Square-min.webp","type":"image\/webp"}],"twitter_card":"summary_large_image","twitter_misc":{"Timp estimat pentru citire":"2 minute"},"schema":{"@context":"https:\/\/schema.org","@graph":[{"@type":"WebPage","@id":"https:\/\/dj.deycrusader.ro\/course\/abonament-studio-dj-fara-trainer\/","url":"https:\/\/dj.deycrusader.ro\/course\/abonament-studio-dj-fara-trainer\/","name":"Abonament Studio Dj fara Trainer - Dj High Way","isPartOf":{"@id":"https:\/\/dj.deycrusader.ro\/#website"},"primaryImageOfPage":{"@id":"https:\/\/dj.deycrusader.ro\/course\/abonament-studio-dj-fara-trainer\/#primaryimage"},"image":{"@id":"https:\/\/dj.deycrusader.ro\/course\/abonament-studio-dj-fara-trainer\/#primaryimage"},"thumbnailUrl":"https:\/\/dj.deycrusader.ro\/wp-content\/uploads\/2025\/06\/Abonament-Studio-Dj-Square-min.webp","datePublished":"2025-08-23T01:59:49+00:00","dateModified":"2025-10-14T08:39:15+00:00","description":"Abonament Studio Dj fara Trainer: studiouri profesionale \u0219i echipamente premium pentru a-\u021bi crea seturi audio de promovare.","breadcrumb":{"@id":"https:\/\/dj.deycrusader.ro\/course\/abonament-studio-dj-fara-trainer\/#breadcrumb"},"inLanguage":"ro-RO","potentialAction":[{"@type":"ReadAction","target":["https:\/\/dj.deycrusader.ro\/course\/abonament-studio-dj-fara-trainer\/"]}]},{"@type":"ImageObject","inLanguage":"ro-RO","@id":"https:\/\/dj.deycrusader.ro\/course\/abonament-studio-dj-fara-trainer\/#primaryimage","url":"https:\/\/dj.deycrusader.ro\/wp-content\/uploads\/2025\/06\/Abonament-Studio-Dj-Square-min.webp","contentUrl":"https:\/\/dj.deycrusader.ro\/wp-content\/uploads\/2025\/06\/Abonament-Studio-Dj-Square-min.webp","width":1000,"height":1000,"caption":"Abonament Studio Dj fara Trainer"},{"@type":"BreadcrumbList","@id":"https:\/\/dj.deycrusader.ro\/course\/abonament-studio-dj-fara-trainer\/#breadcrumb","itemListElement":[{"@type":"ListItem","position":1,"name":"Home","item":"https:\/\/dj.deycrusader.ro\/"},{"@type":"ListItem","position":2,"name":"Products","item":"https:\/\/dj.deycrusader.ro\/ro\/course\/"},{"@type":"ListItem","position":3,"name":"Abonament Studio Dj fara Trainer"}]},{"@type":"WebSite","@id":"https:\/\/dj.deycrusader.ro\/#website","url":"https:\/\/dj.deycrusader.ro\/","name":"Dj High Way","description":"Scoala de Dj si Productie Muzicala","potentialAction":[{"@type":"SearchAction","target":{"@type":"EntryPoint","urlTemplate":"https:\/\/dj.deycrusader.ro\/?s={search_term_string}"},"query-input":{"@type":"PropertyValueSpecification","valueRequired":true,"valueName":"search_term_string"}}],"inLanguage":"ro-RO"}]}},"jetpack_sharing_enabled":true,"_links":{"self":[{"href":"https:\/\/dj.deycrusader.ro\/ro\/wp-json\/wp\/v2\/product\/2328","targetHints":{"allow":["GET"]}}],"collection":[{"href":"https:\/\/dj.deycrusader.ro\/ro\/wp-json\/wp\/v2\/product"}],"about":[{"href":"https:\/\/dj.deycrusader.ro\/ro\/wp-json\/wp\/v2\/types\/product"}],"replies":[{"embeddable":true,"href":"https:\/\/dj.deycrusader.ro\/ro\/wp-json\/wp\/v2\/comments?post=2328"}],"wp:featuredmedia":[{"embeddable":true,"href":"https:\/\/dj.deycrusader.ro\/ro\/wp-json\/wp\/v2\/media\/2301"}],"wp:attachment":[{"href":"https:\/\/dj.deycrusader.ro\/ro\/wp-json\/wp\/v2\/media?parent=2328"}],"wp:term":[{"taxonomy":"duration","embeddable":true,"href":"https:\/\/dj.deycrusader.ro\/ro\/wp-json\/wp\/v2\/duration?post=2328"},{"taxonomy":"experience","embeddable":true,"href":"https:\/\/dj.deycrusader.ro\/ro\/wp-json\/wp\/v2\/experience?post=2328"},{"taxonomy":"product_brand","embeddable":true,"href":"https:\/\/dj.deycrusader.ro\/ro\/wp-json\/wp\/v2\/product_brand?post=2328"},{"taxonomy":"product_cat","embeddable":true,"href":"https:\/\/dj.deycrusader.ro\/ro\/wp-json\/wp\/v2\/product_cat?post=2328"},{"taxonomy":"product_tag","embeddable":true,"href":"https:\/\/dj.deycrusader.ro\/ro\/wp-json\/wp\/v2\/product_tag?post=2328"}],"curies":[{"name":"wp","href":"https:\/\/api.w.org\/{rel}","templated":true}]}}