{"id":2326,"date":"2025-08-23T01:46:07","date_gmt":"2025-08-23T01:46:07","guid":{"rendered":"https:\/\/dj.deycrusader.ro\/?post_type=product&#038;p=2326"},"modified":"2025-10-14T08:39:47","modified_gmt":"2025-10-14T08:39:47","slug":"practica-studio-dj-cu-trainer","status":"publish","type":"product","link":"https:\/\/dj.deycrusader.ro\/ro\/course\/practica-studio-dj-cu-trainer\/","title":{"rendered":"Practica Studio Dj \u2013 cu Trainer"},"content":{"rendered":"<h1>Sesiune de Practic\u0103 DJ \u2013 \u00eenva\u021b\u0103 direct al\u0103turi de un trainer profesionist<\/h1>\n<p>Sesiunea de practic\u0103 DJ este conceput\u0103 pentru a-\u021bi oferi o experien\u021b\u0103 de \u00eenv\u0103\u021bare direct\u0103 \u0219i interactiv\u0103. Lucrezi um\u0103r la um\u0103r cu trainerul, \u00eentr-un mediu profesionist \u0219i relaxat.<\/p>\n<h2>Feedback instant \u0219i progres rapid<\/h2>\n<p>Beneficiezi de feedback instant \u0219i valoros, menit s\u0103 \u00ee\u021bi corecteze rapid gre\u0219elile \u0219i s\u0103 \u00ee\u021bi accelereze progresul. Fiecare detaliu al setului t\u0103u este analizat \u0219i ajustat, pentru ca tu s\u0103 \u00een\u021belegi exact ce faci bine \u0219i ce po\u021bi \u00eembun\u0103t\u0103\u021bi.<\/p>\n<p>Trainerul \u00ee\u021bi ofer\u0103 toat\u0103 aten\u021bia. Predarea este adaptat\u0103 stilului \u0219i nivelului t\u0103u de experien\u021b\u0103, astfel \u00eenc\u00e2t procesul de \u00eenv\u0103\u021bare s\u0103 fie c\u00e2t mai eficient \u0219i personalizat.<\/p>\n<h2>Aplic\u0103 tehnicile de mixaj \u00een timp real<\/h2>\n<p>\u00cen cadrul sesiunii, \u00eenve\u021bi cum s\u0103 aplici corect tehnicile de mixaj, cum s\u0103 \u00ee\u021bi structurezi seturile \u0219i cum s\u0103 transmi\u021bi energie publicului.<\/p>\n<p>Practicile sunt dinamice \u0219i orientate pe rezultate. Vei \u00een\u021belege cum s\u0103 \u00ee\u021bi construie\u0219ti setul, cum s\u0103 lucrezi cu echipamentele \u0219i cum s\u0103 gestionezi momentele live.<\/p>\n<h2>Avantajul sesiunii individuale<\/h2>\n<p>Principalul avantaj al acestei sesiuni de practic\u0103 DJ este interac\u021biunea direct\u0103 \u0219i personalizat\u0103. Ritmul de \u00eenv\u0103\u021bare este mai rapid dec\u00e2t \u00eentr-un cadru de grup, iar aten\u021bia trainerului este concentrat\u0103 exclusiv pe tine.<\/p>\n<h3>Dezvolt\u0103 \u00eencredere \u0219i performeaz\u0103 pe scen\u0103<\/h3>\n<p>Sesiunea de practic\u0103 DJ nu este doar o lec\u021bie tehnic\u0103, ci o experien\u021b\u0103 care \u00ee\u021bi cre\u0219te \u00eencrederea \u0219i te ajut\u0103 s\u0103 te dezvol\u021bi ca artist. Este momentul \u00een care faci trecerea de la teorie la performan\u021b\u0103 real\u0103, beneficiind de sprijin complet \u0219i ghidare profesional\u0103.<\/p>\n<div class=\"host-lopnbnfpjmgpbppclhclehhgafnifija\" style=\"position: relative; z-index: 2147483647;\"><\/div>","protected":false},"excerpt":{"rendered":"<p data-start=\"303\" data-end=\"427\">Sesiunea de practic\u0103 DJ: lucrezi direct cu trainerul, prime\u0219ti feedback instant \u0219i beneficiezi de o predare personalizat\u0103.<\/p>\n<div class=\"host-lopnbnfpjmgpbppclhclehhgafnifija\" style=\"position: relative; z-index: 2147483647;\"><\/div>","protected":false},"featured_media":2295,"comment_status":"open","ping_status":"closed","template":"","meta":{"_acf_changed":false},"duration":[58],"experience":[60],"product_brand":[],"product_cat":[53],"product_tag":[],"class_list":{"0":"post-2326","1":"product","2":"type-product","3":"status-publish","4":"has-post-thumbnail","6":"duration-o-sesiune","7":"experience-pro","8":"product_cat-inchiriere-studio","10":"first","11":"instock","12":"taxable","13":"shipping-taxable","14":"purchasable","15":"product-type-simple"},"acf":[],"yoast_head":"<!-- This site is optimized with the Yoast SEO plugin v26.0 - https:\/\/yoast.com\/wordpress\/plugins\/seo\/ -->\n<title>Practica Studio Dj \u2013 cu Trainer - Dj High Way<\/title>\n<meta name=\"description\" content=\"Particip\u0103 la o sesiune de practic\u0103 DJ \u0219i \u00eenva\u021b\u0103 direct de la un trainer. Feedback instant, tehnici de mixaj aplicate \u0219i ghidare personalizat\u0103.\" \/>\n<meta name=\"robots\" content=\"index, follow, max-snippet:-1, max-image-preview:large, max-video-preview:-1\" \/>\n<link rel=\"canonical\" href=\"https:\/\/dj.deycrusader.ro\/ro\/course\/practica-studio-dj-cu-trainer\/\" \/>\n<meta property=\"og:locale\" content=\"ro_RO\" \/>\n<meta property=\"og:type\" content=\"article\" \/>\n<meta property=\"og:title\" content=\"Practica Studio Dj \u2013 cu Trainer - Dj High Way\" \/>\n<meta property=\"og:description\" content=\"Particip\u0103 la o sesiune de practic\u0103 DJ \u0219i \u00eenva\u021b\u0103 direct de la un trainer. Feedback instant, tehnici de mixaj aplicate \u0219i ghidare personalizat\u0103.\" \/>\n<meta property=\"og:url\" content=\"https:\/\/dj.deycrusader.ro\/ro\/course\/practica-studio-dj-cu-trainer\/\" \/>\n<meta property=\"og:site_name\" content=\"Dj High Way\" \/>\n<meta property=\"article:modified_time\" content=\"2025-10-14T08:39:47+00:00\" \/>\n<meta property=\"og:image\" content=\"https:\/\/dj.deycrusader.ro\/wp-content\/uploads\/2025\/06\/Practica-Studio-Dj-cu-Trainer-Square-min.webp\" \/>\n\t<meta property=\"og:image:width\" content=\"1000\" \/>\n\t<meta property=\"og:image:height\" content=\"1000\" \/>\n\t<meta property=\"og:image:type\" content=\"image\/webp\" \/>\n<meta name=\"twitter:card\" content=\"summary_large_image\" \/>\n<meta name=\"twitter:label1\" content=\"Timp estimat pentru citire\" \/>\n\t<meta name=\"twitter:data1\" content=\"2 minute\" \/>\n<script type=\"application\/ld+json\" class=\"yoast-schema-graph\">{\"@context\":\"https:\/\/schema.org\",\"@graph\":[{\"@type\":\"WebPage\",\"@id\":\"https:\/\/dj.deycrusader.ro\/course\/practica-studio-dj-cu-trainer\/\",\"url\":\"https:\/\/dj.deycrusader.ro\/course\/practica-studio-dj-cu-trainer\/\",\"name\":\"Practica Studio Dj \u2013 cu Trainer - Dj High Way\",\"isPartOf\":{\"@id\":\"https:\/\/dj.deycrusader.ro\/#website\"},\"primaryImageOfPage\":{\"@id\":\"https:\/\/dj.deycrusader.ro\/course\/practica-studio-dj-cu-trainer\/#primaryimage\"},\"image\":{\"@id\":\"https:\/\/dj.deycrusader.ro\/course\/practica-studio-dj-cu-trainer\/#primaryimage\"},\"thumbnailUrl\":\"https:\/\/dj.deycrusader.ro\/wp-content\/uploads\/2025\/06\/Practica-Studio-Dj-cu-Trainer-Square-min.webp\",\"datePublished\":\"2025-08-23T01:46:07+00:00\",\"dateModified\":\"2025-10-14T08:39:47+00:00\",\"description\":\"Particip\u0103 la o sesiune de practic\u0103 DJ \u0219i \u00eenva\u021b\u0103 direct de la un trainer. Feedback instant, tehnici de mixaj aplicate \u0219i ghidare personalizat\u0103.\",\"breadcrumb\":{\"@id\":\"https:\/\/dj.deycrusader.ro\/course\/practica-studio-dj-cu-trainer\/#breadcrumb\"},\"inLanguage\":\"ro-RO\",\"potentialAction\":[{\"@type\":\"ReadAction\",\"target\":[\"https:\/\/dj.deycrusader.ro\/course\/practica-studio-dj-cu-trainer\/\"]}]},{\"@type\":\"ImageObject\",\"inLanguage\":\"ro-RO\",\"@id\":\"https:\/\/dj.deycrusader.ro\/course\/practica-studio-dj-cu-trainer\/#primaryimage\",\"url\":\"https:\/\/dj.deycrusader.ro\/wp-content\/uploads\/2025\/06\/Practica-Studio-Dj-cu-Trainer-Square-min.webp\",\"contentUrl\":\"https:\/\/dj.deycrusader.ro\/wp-content\/uploads\/2025\/06\/Practica-Studio-Dj-cu-Trainer-Square-min.webp\",\"width\":1000,\"height\":1000,\"caption\":\"Practica Studio Dj cu Trainer Square-min\"},{\"@type\":\"BreadcrumbList\",\"@id\":\"https:\/\/dj.deycrusader.ro\/course\/practica-studio-dj-cu-trainer\/#breadcrumb\",\"itemListElement\":[{\"@type\":\"ListItem\",\"position\":1,\"name\":\"Home\",\"item\":\"https:\/\/dj.deycrusader.ro\/\"},{\"@type\":\"ListItem\",\"position\":2,\"name\":\"Products\",\"item\":\"https:\/\/dj.deycrusader.ro\/ro\/course\/\"},{\"@type\":\"ListItem\",\"position\":3,\"name\":\"Practica Studio Dj \u2013 cu Trainer\"}]},{\"@type\":\"WebSite\",\"@id\":\"https:\/\/dj.deycrusader.ro\/#website\",\"url\":\"https:\/\/dj.deycrusader.ro\/\",\"name\":\"Dj High Way\",\"description\":\"Scoala de Dj si Productie Muzicala\",\"potentialAction\":[{\"@type\":\"SearchAction\",\"target\":{\"@type\":\"EntryPoint\",\"urlTemplate\":\"https:\/\/dj.deycrusader.ro\/?s={search_term_string}\"},\"query-input\":{\"@type\":\"PropertyValueSpecification\",\"valueRequired\":true,\"valueName\":\"search_term_string\"}}],\"inLanguage\":\"ro-RO\"}]}<\/script>\n<!-- \/ Yoast SEO plugin. -->","yoast_head_json":{"title":"Practica Studio Dj \u2013 cu Trainer - Dj High Way","description":"Particip\u0103 la o sesiune de practic\u0103 DJ \u0219i \u00eenva\u021b\u0103 direct de la un trainer. Feedback instant, tehnici de mixaj aplicate \u0219i ghidare personalizat\u0103.","robots":{"index":"index","follow":"follow","max-snippet":"max-snippet:-1","max-image-preview":"max-image-preview:large","max-video-preview":"max-video-preview:-1"},"canonical":"https:\/\/dj.deycrusader.ro\/ro\/course\/practica-studio-dj-cu-trainer\/","og_locale":"ro_RO","og_type":"article","og_title":"Practica Studio Dj \u2013 cu Trainer - Dj High Way","og_description":"Particip\u0103 la o sesiune de practic\u0103 DJ \u0219i \u00eenva\u021b\u0103 direct de la un trainer. Feedback instant, tehnici de mixaj aplicate \u0219i ghidare personalizat\u0103.","og_url":"https:\/\/dj.deycrusader.ro\/ro\/course\/practica-studio-dj-cu-trainer\/","og_site_name":"Dj High Way","article_modified_time":"2025-10-14T08:39:47+00:00","og_image":[{"width":1000,"height":1000,"url":"https:\/\/dj.deycrusader.ro\/wp-content\/uploads\/2025\/06\/Practica-Studio-Dj-cu-Trainer-Square-min.webp","type":"image\/webp"}],"twitter_card":"summary_large_image","twitter_misc":{"Timp estimat pentru citire":"2 minute"},"schema":{"@context":"https:\/\/schema.org","@graph":[{"@type":"WebPage","@id":"https:\/\/dj.deycrusader.ro\/course\/practica-studio-dj-cu-trainer\/","url":"https:\/\/dj.deycrusader.ro\/course\/practica-studio-dj-cu-trainer\/","name":"Practica Studio Dj \u2013 cu Trainer - Dj High Way","isPartOf":{"@id":"https:\/\/dj.deycrusader.ro\/#website"},"primaryImageOfPage":{"@id":"https:\/\/dj.deycrusader.ro\/course\/practica-studio-dj-cu-trainer\/#primaryimage"},"image":{"@id":"https:\/\/dj.deycrusader.ro\/course\/practica-studio-dj-cu-trainer\/#primaryimage"},"thumbnailUrl":"https:\/\/dj.deycrusader.ro\/wp-content\/uploads\/2025\/06\/Practica-Studio-Dj-cu-Trainer-Square-min.webp","datePublished":"2025-08-23T01:46:07+00:00","dateModified":"2025-10-14T08:39:47+00:00","description":"Particip\u0103 la o sesiune de practic\u0103 DJ \u0219i \u00eenva\u021b\u0103 direct de la un trainer. Feedback instant, tehnici de mixaj aplicate \u0219i ghidare personalizat\u0103.","breadcrumb":{"@id":"https:\/\/dj.deycrusader.ro\/course\/practica-studio-dj-cu-trainer\/#breadcrumb"},"inLanguage":"ro-RO","potentialAction":[{"@type":"ReadAction","target":["https:\/\/dj.deycrusader.ro\/course\/practica-studio-dj-cu-trainer\/"]}]},{"@type":"ImageObject","inLanguage":"ro-RO","@id":"https:\/\/dj.deycrusader.ro\/course\/practica-studio-dj-cu-trainer\/#primaryimage","url":"https:\/\/dj.deycrusader.ro\/wp-content\/uploads\/2025\/06\/Practica-Studio-Dj-cu-Trainer-Square-min.webp","contentUrl":"https:\/\/dj.deycrusader.ro\/wp-content\/uploads\/2025\/06\/Practica-Studio-Dj-cu-Trainer-Square-min.webp","width":1000,"height":1000,"caption":"Practica Studio Dj cu Trainer Square-min"},{"@type":"BreadcrumbList","@id":"https:\/\/dj.deycrusader.ro\/course\/practica-studio-dj-cu-trainer\/#breadcrumb","itemListElement":[{"@type":"ListItem","position":1,"name":"Home","item":"https:\/\/dj.deycrusader.ro\/"},{"@type":"ListItem","position":2,"name":"Products","item":"https:\/\/dj.deycrusader.ro\/ro\/course\/"},{"@type":"ListItem","position":3,"name":"Practica Studio Dj \u2013 cu Trainer"}]},{"@type":"WebSite","@id":"https:\/\/dj.deycrusader.ro\/#website","url":"https:\/\/dj.deycrusader.ro\/","name":"Dj High Way","description":"Scoala de Dj si Productie Muzicala","potentialAction":[{"@type":"SearchAction","target":{"@type":"EntryPoint","urlTemplate":"https:\/\/dj.deycrusader.ro\/?s={search_term_string}"},"query-input":{"@type":"PropertyValueSpecification","valueRequired":true,"valueName":"search_term_string"}}],"inLanguage":"ro-RO"}]}},"jetpack_sharing_enabled":true,"_links":{"self":[{"href":"https:\/\/dj.deycrusader.ro\/ro\/wp-json\/wp\/v2\/product\/2326","targetHints":{"allow":["GET"]}}],"collection":[{"href":"https:\/\/dj.deycrusader.ro\/ro\/wp-json\/wp\/v2\/product"}],"about":[{"href":"https:\/\/dj.deycrusader.ro\/ro\/wp-json\/wp\/v2\/types\/product"}],"replies":[{"embeddable":true,"href":"https:\/\/dj.deycrusader.ro\/ro\/wp-json\/wp\/v2\/comments?post=2326"}],"wp:featuredmedia":[{"embeddable":true,"href":"https:\/\/dj.deycrusader.ro\/ro\/wp-json\/wp\/v2\/media\/2295"}],"wp:attachment":[{"href":"https:\/\/dj.deycrusader.ro\/ro\/wp-json\/wp\/v2\/media?parent=2326"}],"wp:term":[{"taxonomy":"duration","embeddable":true,"href":"https:\/\/dj.deycrusader.ro\/ro\/wp-json\/wp\/v2\/duration?post=2326"},{"taxonomy":"experience","embeddable":true,"href":"https:\/\/dj.deycrusader.ro\/ro\/wp-json\/wp\/v2\/experience?post=2326"},{"taxonomy":"product_brand","embeddable":true,"href":"https:\/\/dj.deycrusader.ro\/ro\/wp-json\/wp\/v2\/product_brand?post=2326"},{"taxonomy":"product_cat","embeddable":true,"href":"https:\/\/dj.deycrusader.ro\/ro\/wp-json\/wp\/v2\/product_cat?post=2326"},{"taxonomy":"product_tag","embeddable":true,"href":"https:\/\/dj.deycrusader.ro\/ro\/wp-json\/wp\/v2\/product_tag?post=2326"}],"curies":[{"name":"wp","href":"https:\/\/api.w.org\/{rel}","templated":true}]}}