{"id":2322,"date":"2025-08-23T01:23:34","date_gmt":"2025-08-23T01:23:34","guid":{"rendered":"https:\/\/dj.deycrusader.ro\/?post_type=product&#038;p=2322"},"modified":"2025-10-13T14:36:27","modified_gmt":"2025-10-13T14:36:27","slug":"curs-dj-pentru-adolescenti","status":"publish","type":"product","link":"https:\/\/dj.deycrusader.ro\/ro\/course\/curs-dj-pentru-adolescenti\/","title":{"rendered":"Curs DJ pentru Adolescen\u021bi"},"content":{"rendered":"<h1>Curs DJ pentru Adolescen\u021bi \u2013 descoper\u0103 arta mixajului \u00eentr-un mediu prietenos<\/h1>\n<p>Cursul DJ pentru Adolescen\u021bi este conceput special pentru tinerii care vor s\u0103-\u0219i dezvolte pasiunea pentru muzic\u0103. \u00cenv\u0103\u021barea are loc \u00eentr-un mediu prietenos, profesionist \u0219i interactiv.<\/p>\n<h2>Atmosfer\u0103 relaxat\u0103 \u0219i comunitate creativ\u0103<\/h2>\n<p>Atmosfera este cald\u0103 \u0219i relaxat\u0103. Sesiunile se desf\u0103\u0219oar\u0103 \u00een studiourile noastre din zona \u0218tefan cel Mare, unde fiecare adolescent este primit ca \u00eentr-o familie.<\/p>\n<p>Ve\u021bi lucra \u00een grupuri restr\u00e2nse de 4-6 cursan\u021bi. Astfel, se creeaz\u0103 un cadru competitiv \u0219i motivant, unde \u00eenve\u021bi at\u00e2t de la traineri, c\u00e2t \u0219i de la colegi.<\/p>\n<h2>\u00cenv\u0103\u021bare interactiv\u0103 \u0219i echipamente moderne<\/h2>\n<p>Pe l\u00e2ng\u0103 abilit\u0103\u021bile tehnice de mixaj, vei avea ocazia s\u0103 \u00ee\u021bi faci prieteni noi \u0219i s\u0103 cuno\u0219ti profesioni\u0219ti din industria muzical\u0103. DJ \u0219i organizatori cunoscu\u021bi viziteaz\u0103 frecvent studioul nostru pentru sesiuni inspira\u021bionale.<\/p>\n<p>Lucrezi cu echipamente de ultim\u0103 genera\u021bie, care fac procesul de \u00eenv\u0103\u021bare rapid \u0219i pl\u0103cut. Astfel, construie\u0219ti u\u0219or bazele mixajului \u0219i cape\u021bi \u00eencredere la pupitru.<\/p>\n<h2>Flexibilitate \u0219i sprijin continuu<\/h2>\n<p>Dac\u0103 nu po\u021bi ajunge la o sesiune de grup, o po\u021bi recupera joia sau po\u021bi opta pentru ore suplimentare. Astfel, beneficiezi de flexibilitate \u0219i experien\u021b\u0103 practic\u0103 \u00een plus.<\/p>\n<h3>Mai mult dec\u00e2t un curs \u2013 o experien\u021b\u0103 de via\u021b\u0103<\/h3>\n<p>Cursul DJ pentru Adolescen\u021bi \u00ee\u021bi ofer\u0103 nu doar cuno\u0219tin\u021be practice, ci \u0219i prietenii, experien\u021be \u0219i \u00eencredere. Este locul ideal unde \u00ee\u021bi po\u021bi descoperi poten\u021bialul \u0219i \u00eencepe drumul \u00een cariera muzical\u0103 \u00eenc\u0103 din adolescen\u021b\u0103.<\/p>","protected":false},"excerpt":{"rendered":"<p data-start=\"323\" data-end=\"545\"><strong data-start=\"323\" data-end=\"354\">Curs DJ pentru Adolescen\u021bi:<\/strong> 16 sesiuni interactive \u00een grupuri mici, cu aparatur\u0103 modern\u0103, atmosfer\u0103 prietenoas\u0103 \u0219i suport personalizat. \u00cenva\u021b\u0103 bazele mixajului \u0219i descoper\u0103 pasiunea pentru muzic\u0103 \u00eentr-un mediu creativ.<\/p>\n<div class=\"host-lopnbnfpjmgpbppclhclehhgafnifija\" style=\"position: relative; z-index: 2147483647;\"><\/div>","protected":false},"featured_media":2286,"comment_status":"open","ping_status":"closed","template":"","meta":{"_acf_changed":false},"duration":[54],"experience":[59],"product_brand":[],"product_cat":[51],"product_tag":[],"class_list":{"0":"post-2322","1":"product","2":"type-product","3":"status-publish","4":"has-post-thumbnail","6":"duration-4-saptamani","7":"experience-incepator","8":"product_cat-cursuri-dedicate","10":"first","11":"instock","12":"taxable","13":"shipping-taxable","14":"purchasable","15":"product-type-simple"},"acf":[],"yoast_head":"<!-- This site is optimized with the Yoast SEO plugin v26.0 - https:\/\/yoast.com\/wordpress\/plugins\/seo\/ -->\n<title>Curs DJ pentru Adolescen\u021bi - Dj High Way<\/title>\n<meta name=\"description\" content=\"Descoper\u0103 mixajul prin Curs DJ pentru Adolescen\u021bi: sesiuni interactive, echipamente moderne, prietenii noi \u0219i suport personalizat.\" \/>\n<meta name=\"robots\" content=\"index, follow, max-snippet:-1, max-image-preview:large, max-video-preview:-1\" \/>\n<link rel=\"canonical\" href=\"https:\/\/dj.deycrusader.ro\/ro\/course\/curs-dj-pentru-adolescenti\/\" \/>\n<meta property=\"og:locale\" content=\"ro_RO\" \/>\n<meta property=\"og:type\" content=\"article\" \/>\n<meta property=\"og:title\" content=\"Curs DJ pentru Adolescen\u021bi - Dj High Way\" \/>\n<meta property=\"og:description\" content=\"Descoper\u0103 mixajul prin Curs DJ pentru Adolescen\u021bi: sesiuni interactive, echipamente moderne, prietenii noi \u0219i suport personalizat.\" \/>\n<meta property=\"og:url\" content=\"https:\/\/dj.deycrusader.ro\/ro\/course\/curs-dj-pentru-adolescenti\/\" \/>\n<meta property=\"og:site_name\" content=\"Dj High Way\" \/>\n<meta property=\"article:modified_time\" content=\"2025-10-13T14:36:27+00:00\" \/>\n<meta property=\"og:image\" content=\"https:\/\/dj.deycrusader.ro\/wp-content\/uploads\/2025\/06\/Dj-Adolescent-Square-min.webp\" \/>\n\t<meta property=\"og:image:width\" content=\"1000\" \/>\n\t<meta property=\"og:image:height\" content=\"1000\" \/>\n\t<meta property=\"og:image:type\" content=\"image\/webp\" \/>\n<meta name=\"twitter:card\" content=\"summary_large_image\" \/>\n<meta name=\"twitter:label1\" content=\"Timp estimat pentru citire\" \/>\n\t<meta name=\"twitter:data1\" content=\"2 minute\" \/>\n<script type=\"application\/ld+json\" class=\"yoast-schema-graph\">{\"@context\":\"https:\/\/schema.org\",\"@graph\":[{\"@type\":\"WebPage\",\"@id\":\"https:\/\/dj.deycrusader.ro\/course\/curs-dj-pentru-adolescenti\/\",\"url\":\"https:\/\/dj.deycrusader.ro\/course\/curs-dj-pentru-adolescenti\/\",\"name\":\"Curs DJ pentru Adolescen\u021bi - Dj High Way\",\"isPartOf\":{\"@id\":\"https:\/\/dj.deycrusader.ro\/#website\"},\"primaryImageOfPage\":{\"@id\":\"https:\/\/dj.deycrusader.ro\/course\/curs-dj-pentru-adolescenti\/#primaryimage\"},\"image\":{\"@id\":\"https:\/\/dj.deycrusader.ro\/course\/curs-dj-pentru-adolescenti\/#primaryimage\"},\"thumbnailUrl\":\"https:\/\/dj.deycrusader.ro\/wp-content\/uploads\/2025\/06\/Dj-Adolescent-Square-min.webp\",\"datePublished\":\"2025-08-23T01:23:34+00:00\",\"dateModified\":\"2025-10-13T14:36:27+00:00\",\"description\":\"Descoper\u0103 mixajul prin Curs DJ pentru Adolescen\u021bi: sesiuni interactive, echipamente moderne, prietenii noi \u0219i suport personalizat.\",\"breadcrumb\":{\"@id\":\"https:\/\/dj.deycrusader.ro\/course\/curs-dj-pentru-adolescenti\/#breadcrumb\"},\"inLanguage\":\"ro-RO\",\"potentialAction\":[{\"@type\":\"ReadAction\",\"target\":[\"https:\/\/dj.deycrusader.ro\/course\/curs-dj-pentru-adolescenti\/\"]}]},{\"@type\":\"ImageObject\",\"inLanguage\":\"ro-RO\",\"@id\":\"https:\/\/dj.deycrusader.ro\/course\/curs-dj-pentru-adolescenti\/#primaryimage\",\"url\":\"https:\/\/dj.deycrusader.ro\/wp-content\/uploads\/2025\/06\/Dj-Adolescent-Square-min.webp\",\"contentUrl\":\"https:\/\/dj.deycrusader.ro\/wp-content\/uploads\/2025\/06\/Dj-Adolescent-Square-min.webp\",\"width\":1000,\"height\":1000,\"caption\":\"Dj Adolescent Square-min\"},{\"@type\":\"BreadcrumbList\",\"@id\":\"https:\/\/dj.deycrusader.ro\/course\/curs-dj-pentru-adolescenti\/#breadcrumb\",\"itemListElement\":[{\"@type\":\"ListItem\",\"position\":1,\"name\":\"Home\",\"item\":\"https:\/\/dj.deycrusader.ro\/\"},{\"@type\":\"ListItem\",\"position\":2,\"name\":\"Products\",\"item\":\"https:\/\/dj.deycrusader.ro\/ro\/course\/\"},{\"@type\":\"ListItem\",\"position\":3,\"name\":\"Curs DJ pentru Adolescen\u021bi\"}]},{\"@type\":\"WebSite\",\"@id\":\"https:\/\/dj.deycrusader.ro\/#website\",\"url\":\"https:\/\/dj.deycrusader.ro\/\",\"name\":\"Dj High Way\",\"description\":\"Scoala de Dj si Productie Muzicala\",\"potentialAction\":[{\"@type\":\"SearchAction\",\"target\":{\"@type\":\"EntryPoint\",\"urlTemplate\":\"https:\/\/dj.deycrusader.ro\/?s={search_term_string}\"},\"query-input\":{\"@type\":\"PropertyValueSpecification\",\"valueRequired\":true,\"valueName\":\"search_term_string\"}}],\"inLanguage\":\"ro-RO\"}]}<\/script>\n<!-- \/ Yoast SEO plugin. -->","yoast_head_json":{"title":"Curs DJ pentru Adolescen\u021bi - Dj High Way","description":"Descoper\u0103 mixajul prin Curs DJ pentru Adolescen\u021bi: sesiuni interactive, echipamente moderne, prietenii noi \u0219i suport personalizat.","robots":{"index":"index","follow":"follow","max-snippet":"max-snippet:-1","max-image-preview":"max-image-preview:large","max-video-preview":"max-video-preview:-1"},"canonical":"https:\/\/dj.deycrusader.ro\/ro\/course\/curs-dj-pentru-adolescenti\/","og_locale":"ro_RO","og_type":"article","og_title":"Curs DJ pentru Adolescen\u021bi - Dj High Way","og_description":"Descoper\u0103 mixajul prin Curs DJ pentru Adolescen\u021bi: sesiuni interactive, echipamente moderne, prietenii noi \u0219i suport personalizat.","og_url":"https:\/\/dj.deycrusader.ro\/ro\/course\/curs-dj-pentru-adolescenti\/","og_site_name":"Dj High Way","article_modified_time":"2025-10-13T14:36:27+00:00","og_image":[{"width":1000,"height":1000,"url":"https:\/\/dj.deycrusader.ro\/wp-content\/uploads\/2025\/06\/Dj-Adolescent-Square-min.webp","type":"image\/webp"}],"twitter_card":"summary_large_image","twitter_misc":{"Timp estimat pentru citire":"2 minute"},"schema":{"@context":"https:\/\/schema.org","@graph":[{"@type":"WebPage","@id":"https:\/\/dj.deycrusader.ro\/course\/curs-dj-pentru-adolescenti\/","url":"https:\/\/dj.deycrusader.ro\/course\/curs-dj-pentru-adolescenti\/","name":"Curs DJ pentru Adolescen\u021bi - Dj High Way","isPartOf":{"@id":"https:\/\/dj.deycrusader.ro\/#website"},"primaryImageOfPage":{"@id":"https:\/\/dj.deycrusader.ro\/course\/curs-dj-pentru-adolescenti\/#primaryimage"},"image":{"@id":"https:\/\/dj.deycrusader.ro\/course\/curs-dj-pentru-adolescenti\/#primaryimage"},"thumbnailUrl":"https:\/\/dj.deycrusader.ro\/wp-content\/uploads\/2025\/06\/Dj-Adolescent-Square-min.webp","datePublished":"2025-08-23T01:23:34+00:00","dateModified":"2025-10-13T14:36:27+00:00","description":"Descoper\u0103 mixajul prin Curs DJ pentru Adolescen\u021bi: sesiuni interactive, echipamente moderne, prietenii noi \u0219i suport personalizat.","breadcrumb":{"@id":"https:\/\/dj.deycrusader.ro\/course\/curs-dj-pentru-adolescenti\/#breadcrumb"},"inLanguage":"ro-RO","potentialAction":[{"@type":"ReadAction","target":["https:\/\/dj.deycrusader.ro\/course\/curs-dj-pentru-adolescenti\/"]}]},{"@type":"ImageObject","inLanguage":"ro-RO","@id":"https:\/\/dj.deycrusader.ro\/course\/curs-dj-pentru-adolescenti\/#primaryimage","url":"https:\/\/dj.deycrusader.ro\/wp-content\/uploads\/2025\/06\/Dj-Adolescent-Square-min.webp","contentUrl":"https:\/\/dj.deycrusader.ro\/wp-content\/uploads\/2025\/06\/Dj-Adolescent-Square-min.webp","width":1000,"height":1000,"caption":"Dj Adolescent Square-min"},{"@type":"BreadcrumbList","@id":"https:\/\/dj.deycrusader.ro\/course\/curs-dj-pentru-adolescenti\/#breadcrumb","itemListElement":[{"@type":"ListItem","position":1,"name":"Home","item":"https:\/\/dj.deycrusader.ro\/"},{"@type":"ListItem","position":2,"name":"Products","item":"https:\/\/dj.deycrusader.ro\/ro\/course\/"},{"@type":"ListItem","position":3,"name":"Curs DJ pentru Adolescen\u021bi"}]},{"@type":"WebSite","@id":"https:\/\/dj.deycrusader.ro\/#website","url":"https:\/\/dj.deycrusader.ro\/","name":"Dj High Way","description":"Scoala de Dj si Productie Muzicala","potentialAction":[{"@type":"SearchAction","target":{"@type":"EntryPoint","urlTemplate":"https:\/\/dj.deycrusader.ro\/?s={search_term_string}"},"query-input":{"@type":"PropertyValueSpecification","valueRequired":true,"valueName":"search_term_string"}}],"inLanguage":"ro-RO"}]}},"jetpack_sharing_enabled":true,"_links":{"self":[{"href":"https:\/\/dj.deycrusader.ro\/ro\/wp-json\/wp\/v2\/product\/2322","targetHints":{"allow":["GET"]}}],"collection":[{"href":"https:\/\/dj.deycrusader.ro\/ro\/wp-json\/wp\/v2\/product"}],"about":[{"href":"https:\/\/dj.deycrusader.ro\/ro\/wp-json\/wp\/v2\/types\/product"}],"replies":[{"embeddable":true,"href":"https:\/\/dj.deycrusader.ro\/ro\/wp-json\/wp\/v2\/comments?post=2322"}],"wp:featuredmedia":[{"embeddable":true,"href":"https:\/\/dj.deycrusader.ro\/ro\/wp-json\/wp\/v2\/media\/2286"}],"wp:attachment":[{"href":"https:\/\/dj.deycrusader.ro\/ro\/wp-json\/wp\/v2\/media?parent=2322"}],"wp:term":[{"taxonomy":"duration","embeddable":true,"href":"https:\/\/dj.deycrusader.ro\/ro\/wp-json\/wp\/v2\/duration?post=2322"},{"taxonomy":"experience","embeddable":true,"href":"https:\/\/dj.deycrusader.ro\/ro\/wp-json\/wp\/v2\/experience?post=2322"},{"taxonomy":"product_brand","embeddable":true,"href":"https:\/\/dj.deycrusader.ro\/ro\/wp-json\/wp\/v2\/product_brand?post=2322"},{"taxonomy":"product_cat","embeddable":true,"href":"https:\/\/dj.deycrusader.ro\/ro\/wp-json\/wp\/v2\/product_cat?post=2322"},{"taxonomy":"product_tag","embeddable":true,"href":"https:\/\/dj.deycrusader.ro\/ro\/wp-json\/wp\/v2\/product_tag?post=2322"}],"curies":[{"name":"wp","href":"https:\/\/api.w.org\/{rel}","templated":true}]}}