{"id":2321,"date":"2025-08-23T01:19:25","date_gmt":"2025-08-23T01:19:25","guid":{"rendered":"https:\/\/dj.deycrusader.ro\/?post_type=product&#038;p=2321"},"modified":"2025-10-14T08:35:25","modified_gmt":"2025-10-14T08:35:25","slug":"curs-productie-muzicala-4","status":"publish","type":"product","link":"https:\/\/dj.deycrusader.ro\/ro\/course\/curs-productie-muzicala-4\/","title":{"rendered":"Curs Productie Muzicala \u2013 FL STUDIO"},"content":{"rendered":"<h1>Curs de Produc\u021bie Muzical\u0103 FL Studio \u2013 creeaz\u0103-\u021bi propriile piese pas cu pas<\/h1>\n<p>Cursul de Produc\u021bie Muzical\u0103 FL Studio este conceput pentru cei care vor s\u0103 \u00ee\u0219i construiasc\u0103 o baz\u0103 solid\u0103 \u00een produc\u021bia muzical\u0103 digital\u0103. Este alegerea ideal\u0103 pentru \u00eencep\u0103tori care viseaz\u0103 la o carier\u0103 muzical\u0103 real\u0103.<\/p>\n<h2>Porne\u0219te de la zero \u0219i creeaz\u0103 piese complete<\/h2>\n<p>Chiar dac\u0103 porne\u0219ti de la zero, vei \u00eenv\u0103\u021ba pas cu pas cum s\u0103 folose\u0219ti FL Studio pentru a crea primele tale piese. \u00cenve\u021bi totul, de la idee p\u00e2n\u0103 la forma final\u0103 a produc\u021biei.<\/p>\n<p>Descoperi cum s\u0103 creezi beat-uri, linii melodice \u0219i armonii. Afl\u0103 cum s\u0103 structurezi o pies\u0103 \u0219i s\u0103 aplici tehnici moderne de produc\u021bie, folosite de arti\u0219ti din \u00eentreaga lume.<\/p>\n<h2>Exerci\u021bii practice \u0219i feedback personalizat<\/h2>\n<p>Trainerii te vor ghida prin exerci\u021bii practice \u0219i exemple concrete. Prime\u0219ti feedback constant, pentru a \u00een\u021belege rapid procesele creative \u0219i tehnice din spatele fiec\u0103rui track.<\/p>\n<p>Vei lucra \u00een mod practic, pas cu pas, astfel \u00eenc\u00e2t s\u0103 dob\u00e2nde\u0219ti \u00eencredere \u0219i s\u0103 po\u021bi produce piese complete \u00eenc\u0103 din timpul cursului.<\/p>\n<h2>Dezvolt\u0103-\u021bi stilul \u0219i \u00eencrederea ca produc\u0103tor<\/h2>\n<p>Cursul de Produc\u021bie Muzical\u0103 FL Studio nu \u00ee\u021bi ofer\u0103 doar cuno\u0219tin\u021be tehnice. \u00ce\u021bi ofer\u0103 \u00eencrederea de a-\u021bi finaliza propriile crea\u021bii \u0219i libertatea de a-\u021bi descoperi stilul personal.<\/p>\n<p>La finalul programului, vei avea primele tale piese complete \u0219i vei \u0219ti cum s\u0103 le \u00eembun\u0103t\u0103\u021be\u0219ti \u0219i s\u0103 le preg\u0103te\u0219ti pentru lansare.<\/p>\n<h3>Transform\u0103 pasiunea ta \u00een carier\u0103 artistic\u0103<\/h3>\n<p>Acest curs este ideal pentru \u00eencep\u0103tori care vor s\u0103 \u00ee\u0219i transforme pasiunea pentru muzic\u0103 \u00eentr-un start real de carier\u0103. \u00cenva\u021b\u0103 s\u0103 creezi, s\u0103 produci \u0219i s\u0103 te exprimi prin muzic\u0103 cu ajutorul FL Studio.<\/p>\n<div class=\"host-lopnbnfpjmgpbppclhclehhgafnifija\" style=\"position: relative; z-index: 2147483647;\"><\/div>","protected":false},"excerpt":{"rendered":"<p data-start=\"600\" data-end=\"856\">Descoper\u0103 procesul complet al produc\u021biei muzicale \u00een FL Studio. \u00cenva\u021b\u0103 pas cu pas cum s\u0103 compui, s\u0103 structurezi, s\u0103 mixezi \u0219i s\u0103 masterizezi propriile piese. Creeaz\u0103 o baz\u0103 solid\u0103 pentru cariera ta de artist sau produc\u0103tor muzical.<\/p>\n<div class=\"host-lopnbnfpjmgpbppclhclehhgafnifija\" style=\"position: relative; z-index: 2147483647;\"><\/div>\n<div class=\"host-lopnbnfpjmgpbppclhclehhgafnifija\" style=\"position: relative; z-index: 2147483647;\"><\/div>","protected":false},"featured_media":2299,"comment_status":"open","ping_status":"closed","template":"","meta":{"_acf_changed":false},"duration":[55],"experience":[59],"product_brand":[],"product_cat":[52],"product_tag":[],"class_list":{"0":"post-2321","1":"product","2":"type-product","3":"status-publish","4":"has-post-thumbnail","6":"duration-8-saptamani","7":"experience-incepator","8":"product_cat-cursuri-productie-muzicala","10":"first","11":"instock","12":"taxable","13":"shipping-taxable","14":"purchasable","15":"product-type-simple"},"acf":[],"yoast_head":"<!-- This site is optimized with the Yoast SEO plugin v26.0 - https:\/\/yoast.com\/wordpress\/plugins\/seo\/ -->\n<title>Curs Productie Muzicala \u2013 FL STUDIO - Dj High Way<\/title>\n<meta name=\"description\" content=\"\u00cenva\u021b\u0103 s\u0103 creezi muzic\u0103 de la zero prin Cursul de Produc\u021bie Muzical\u0103 FL Studio: baze solide, exerci\u021bii practice \u0219i primele tale piese finalizate.\" \/>\n<meta name=\"robots\" content=\"index, follow, max-snippet:-1, max-image-preview:large, max-video-preview:-1\" \/>\n<link rel=\"canonical\" href=\"https:\/\/dj.deycrusader.ro\/ro\/course\/curs-productie-muzicala-4\/\" \/>\n<meta property=\"og:locale\" content=\"ro_RO\" \/>\n<meta property=\"og:type\" content=\"article\" \/>\n<meta property=\"og:title\" content=\"Curs Productie Muzicala \u2013 FL STUDIO - Dj High Way\" \/>\n<meta property=\"og:description\" content=\"\u00cenva\u021b\u0103 s\u0103 creezi muzic\u0103 de la zero prin Cursul de Produc\u021bie Muzical\u0103 FL Studio: baze solide, exerci\u021bii practice \u0219i primele tale piese finalizate.\" \/>\n<meta property=\"og:url\" content=\"https:\/\/dj.deycrusader.ro\/ro\/course\/curs-productie-muzicala-4\/\" \/>\n<meta property=\"og:site_name\" content=\"Dj High Way\" \/>\n<meta property=\"article:modified_time\" content=\"2025-10-14T08:35:25+00:00\" \/>\n<meta property=\"og:image\" content=\"https:\/\/dj.deycrusader.ro\/wp-content\/uploads\/2025\/06\/Productie-Muzicala-FL-Studio-Square-min.webp\" \/>\n\t<meta property=\"og:image:width\" content=\"1000\" \/>\n\t<meta property=\"og:image:height\" content=\"1000\" \/>\n\t<meta property=\"og:image:type\" content=\"image\/webp\" \/>\n<meta name=\"twitter:card\" content=\"summary_large_image\" \/>\n<meta name=\"twitter:label1\" content=\"Timp estimat pentru citire\" \/>\n\t<meta name=\"twitter:data1\" content=\"2 minute\" \/>\n<script type=\"application\/ld+json\" class=\"yoast-schema-graph\">{\"@context\":\"https:\/\/schema.org\",\"@graph\":[{\"@type\":\"WebPage\",\"@id\":\"https:\/\/dj.deycrusader.ro\/course\/curs-productie-muzicala-4\/\",\"url\":\"https:\/\/dj.deycrusader.ro\/course\/curs-productie-muzicala-4\/\",\"name\":\"Curs Productie Muzicala \u2013 FL STUDIO - Dj High Way\",\"isPartOf\":{\"@id\":\"https:\/\/dj.deycrusader.ro\/#website\"},\"primaryImageOfPage\":{\"@id\":\"https:\/\/dj.deycrusader.ro\/course\/curs-productie-muzicala-4\/#primaryimage\"},\"image\":{\"@id\":\"https:\/\/dj.deycrusader.ro\/course\/curs-productie-muzicala-4\/#primaryimage\"},\"thumbnailUrl\":\"https:\/\/dj.deycrusader.ro\/wp-content\/uploads\/2025\/06\/Productie-Muzicala-FL-Studio-Square-min.webp\",\"datePublished\":\"2025-08-23T01:19:25+00:00\",\"dateModified\":\"2025-10-14T08:35:25+00:00\",\"description\":\"\u00cenva\u021b\u0103 s\u0103 creezi muzic\u0103 de la zero prin Cursul de Produc\u021bie Muzical\u0103 FL Studio: baze solide, exerci\u021bii practice \u0219i primele tale piese finalizate.\",\"breadcrumb\":{\"@id\":\"https:\/\/dj.deycrusader.ro\/course\/curs-productie-muzicala-4\/#breadcrumb\"},\"inLanguage\":\"ro-RO\",\"potentialAction\":[{\"@type\":\"ReadAction\",\"target\":[\"https:\/\/dj.deycrusader.ro\/course\/curs-productie-muzicala-4\/\"]}]},{\"@type\":\"ImageObject\",\"inLanguage\":\"ro-RO\",\"@id\":\"https:\/\/dj.deycrusader.ro\/course\/curs-productie-muzicala-4\/#primaryimage\",\"url\":\"https:\/\/dj.deycrusader.ro\/wp-content\/uploads\/2025\/06\/Productie-Muzicala-FL-Studio-Square-min.webp\",\"contentUrl\":\"https:\/\/dj.deycrusader.ro\/wp-content\/uploads\/2025\/06\/Productie-Muzicala-FL-Studio-Square-min.webp\",\"width\":1000,\"height\":1000,\"caption\":\"Productie Muzicala FL Studio Square-min\"},{\"@type\":\"BreadcrumbList\",\"@id\":\"https:\/\/dj.deycrusader.ro\/course\/curs-productie-muzicala-4\/#breadcrumb\",\"itemListElement\":[{\"@type\":\"ListItem\",\"position\":1,\"name\":\"Home\",\"item\":\"https:\/\/dj.deycrusader.ro\/\"},{\"@type\":\"ListItem\",\"position\":2,\"name\":\"Products\",\"item\":\"https:\/\/dj.deycrusader.ro\/ro\/course\/\"},{\"@type\":\"ListItem\",\"position\":3,\"name\":\"Curs Productie Muzicala \u2013 FL STUDIO\"}]},{\"@type\":\"WebSite\",\"@id\":\"https:\/\/dj.deycrusader.ro\/#website\",\"url\":\"https:\/\/dj.deycrusader.ro\/\",\"name\":\"Dj High Way\",\"description\":\"Scoala de Dj si Productie Muzicala\",\"potentialAction\":[{\"@type\":\"SearchAction\",\"target\":{\"@type\":\"EntryPoint\",\"urlTemplate\":\"https:\/\/dj.deycrusader.ro\/?s={search_term_string}\"},\"query-input\":{\"@type\":\"PropertyValueSpecification\",\"valueRequired\":true,\"valueName\":\"search_term_string\"}}],\"inLanguage\":\"ro-RO\"}]}<\/script>\n<!-- \/ Yoast SEO plugin. -->","yoast_head_json":{"title":"Curs Productie Muzicala \u2013 FL STUDIO - Dj High Way","description":"\u00cenva\u021b\u0103 s\u0103 creezi muzic\u0103 de la zero prin Cursul de Produc\u021bie Muzical\u0103 FL Studio: baze solide, exerci\u021bii practice \u0219i primele tale piese finalizate.","robots":{"index":"index","follow":"follow","max-snippet":"max-snippet:-1","max-image-preview":"max-image-preview:large","max-video-preview":"max-video-preview:-1"},"canonical":"https:\/\/dj.deycrusader.ro\/ro\/course\/curs-productie-muzicala-4\/","og_locale":"ro_RO","og_type":"article","og_title":"Curs Productie Muzicala \u2013 FL STUDIO - Dj High Way","og_description":"\u00cenva\u021b\u0103 s\u0103 creezi muzic\u0103 de la zero prin Cursul de Produc\u021bie Muzical\u0103 FL Studio: baze solide, exerci\u021bii practice \u0219i primele tale piese finalizate.","og_url":"https:\/\/dj.deycrusader.ro\/ro\/course\/curs-productie-muzicala-4\/","og_site_name":"Dj High Way","article_modified_time":"2025-10-14T08:35:25+00:00","og_image":[{"width":1000,"height":1000,"url":"https:\/\/dj.deycrusader.ro\/wp-content\/uploads\/2025\/06\/Productie-Muzicala-FL-Studio-Square-min.webp","type":"image\/webp"}],"twitter_card":"summary_large_image","twitter_misc":{"Timp estimat pentru citire":"2 minute"},"schema":{"@context":"https:\/\/schema.org","@graph":[{"@type":"WebPage","@id":"https:\/\/dj.deycrusader.ro\/course\/curs-productie-muzicala-4\/","url":"https:\/\/dj.deycrusader.ro\/course\/curs-productie-muzicala-4\/","name":"Curs Productie Muzicala \u2013 FL STUDIO - Dj High Way","isPartOf":{"@id":"https:\/\/dj.deycrusader.ro\/#website"},"primaryImageOfPage":{"@id":"https:\/\/dj.deycrusader.ro\/course\/curs-productie-muzicala-4\/#primaryimage"},"image":{"@id":"https:\/\/dj.deycrusader.ro\/course\/curs-productie-muzicala-4\/#primaryimage"},"thumbnailUrl":"https:\/\/dj.deycrusader.ro\/wp-content\/uploads\/2025\/06\/Productie-Muzicala-FL-Studio-Square-min.webp","datePublished":"2025-08-23T01:19:25+00:00","dateModified":"2025-10-14T08:35:25+00:00","description":"\u00cenva\u021b\u0103 s\u0103 creezi muzic\u0103 de la zero prin Cursul de Produc\u021bie Muzical\u0103 FL Studio: baze solide, exerci\u021bii practice \u0219i primele tale piese finalizate.","breadcrumb":{"@id":"https:\/\/dj.deycrusader.ro\/course\/curs-productie-muzicala-4\/#breadcrumb"},"inLanguage":"ro-RO","potentialAction":[{"@type":"ReadAction","target":["https:\/\/dj.deycrusader.ro\/course\/curs-productie-muzicala-4\/"]}]},{"@type":"ImageObject","inLanguage":"ro-RO","@id":"https:\/\/dj.deycrusader.ro\/course\/curs-productie-muzicala-4\/#primaryimage","url":"https:\/\/dj.deycrusader.ro\/wp-content\/uploads\/2025\/06\/Productie-Muzicala-FL-Studio-Square-min.webp","contentUrl":"https:\/\/dj.deycrusader.ro\/wp-content\/uploads\/2025\/06\/Productie-Muzicala-FL-Studio-Square-min.webp","width":1000,"height":1000,"caption":"Productie Muzicala FL Studio Square-min"},{"@type":"BreadcrumbList","@id":"https:\/\/dj.deycrusader.ro\/course\/curs-productie-muzicala-4\/#breadcrumb","itemListElement":[{"@type":"ListItem","position":1,"name":"Home","item":"https:\/\/dj.deycrusader.ro\/"},{"@type":"ListItem","position":2,"name":"Products","item":"https:\/\/dj.deycrusader.ro\/ro\/course\/"},{"@type":"ListItem","position":3,"name":"Curs Productie Muzicala \u2013 FL STUDIO"}]},{"@type":"WebSite","@id":"https:\/\/dj.deycrusader.ro\/#website","url":"https:\/\/dj.deycrusader.ro\/","name":"Dj High Way","description":"Scoala de Dj si Productie Muzicala","potentialAction":[{"@type":"SearchAction","target":{"@type":"EntryPoint","urlTemplate":"https:\/\/dj.deycrusader.ro\/?s={search_term_string}"},"query-input":{"@type":"PropertyValueSpecification","valueRequired":true,"valueName":"search_term_string"}}],"inLanguage":"ro-RO"}]}},"jetpack_sharing_enabled":true,"_links":{"self":[{"href":"https:\/\/dj.deycrusader.ro\/ro\/wp-json\/wp\/v2\/product\/2321","targetHints":{"allow":["GET"]}}],"collection":[{"href":"https:\/\/dj.deycrusader.ro\/ro\/wp-json\/wp\/v2\/product"}],"about":[{"href":"https:\/\/dj.deycrusader.ro\/ro\/wp-json\/wp\/v2\/types\/product"}],"replies":[{"embeddable":true,"href":"https:\/\/dj.deycrusader.ro\/ro\/wp-json\/wp\/v2\/comments?post=2321"}],"wp:featuredmedia":[{"embeddable":true,"href":"https:\/\/dj.deycrusader.ro\/ro\/wp-json\/wp\/v2\/media\/2299"}],"wp:attachment":[{"href":"https:\/\/dj.deycrusader.ro\/ro\/wp-json\/wp\/v2\/media?parent=2321"}],"wp:term":[{"taxonomy":"duration","embeddable":true,"href":"https:\/\/dj.deycrusader.ro\/ro\/wp-json\/wp\/v2\/duration?post=2321"},{"taxonomy":"experience","embeddable":true,"href":"https:\/\/dj.deycrusader.ro\/ro\/wp-json\/wp\/v2\/experience?post=2321"},{"taxonomy":"product_brand","embeddable":true,"href":"https:\/\/dj.deycrusader.ro\/ro\/wp-json\/wp\/v2\/product_brand?post=2321"},{"taxonomy":"product_cat","embeddable":true,"href":"https:\/\/dj.deycrusader.ro\/ro\/wp-json\/wp\/v2\/product_cat?post=2321"},{"taxonomy":"product_tag","embeddable":true,"href":"https:\/\/dj.deycrusader.ro\/ro\/wp-json\/wp\/v2\/product_tag?post=2321"}],"curies":[{"name":"wp","href":"https:\/\/api.w.org\/{rel}","templated":true}]}}