{"id":2320,"date":"2025-08-23T01:12:35","date_gmt":"2025-08-23T01:12:35","guid":{"rendered":"https:\/\/dj.deycrusader.ro\/?post_type=product&#038;p=2320"},"modified":"2025-10-13T14:30:51","modified_gmt":"2025-10-13T14:30:51","slug":"curs-productie-muzicala-3","status":"publish","type":"product","link":"https:\/\/dj.deycrusader.ro\/ro\/course\/curs-productie-muzicala-3\/","title":{"rendered":"Curs Productie Muzicala \u2013 STUDIO ONE"},"content":{"rendered":"<h1>Curs de Produc\u021bie Muzical\u0103 One \u2013 \u00eenva\u021b\u0103 s\u0103 creezi muzic\u0103 de la zero<\/h1>\n<p><span>Cursul de Produc\u021bie Muzical\u0103 One<\/span> este conceput pentru cei care \u00ee\u0219i doresc s\u0103 \u00ee\u0219i construiasc\u0103 un fundament solid \u00een lumea muzicii. Este punctul ideal de pornire pentru o <span>carier\u0103 artistic\u0103<\/span> real\u0103.<\/p>\n<h2>Porne\u0219te de la zero \u0219i creeaz\u0103 piese complete<\/h2>\n<p>\u00cen cadrul acestui program, vei \u00eencepe de la zero \u0219i vei \u00eenv\u0103\u021ba pas cu pas cum s\u0103 transformi ideile muzicale \u00een <span>piese finalizate<\/span>. Vei descoperi cum s\u0103 folose\u0219ti programele de <span>produc\u021bie muzical\u0103<\/span>, cum s\u0103 creezi beat-uri, linii melodice \u0219i armonii.<\/p>\n<p>\u00cenve\u021bi \u0219i cum s\u0103 structurezi corect o pies\u0103 complet\u0103, preg\u0103tit\u0103 pentru a fi ascultat\u0103 \u0219i promovat\u0103.<\/p>\n<h2>\u00cenv\u0103\u021bare clar\u0103, ghidare pas cu pas<\/h2>\n<p>Procesul de \u00eenv\u0103\u021bare este adaptat special pentru \u00eencep\u0103tori. Este simplu de urmat, dar suficient de complex pentru a-\u021bi oferi rezultate vizibile dup\u0103 fiecare sesiune.<\/p>\n<p>Trainerii \u00ee\u021bi ofer\u0103 suport constant, feedback aplicat \u0219i exemple practice. Astfel, vei \u00een\u021belege u\u0219or fiecare etap\u0103 a crea\u021biei \u0219i vei progresa rapid.<\/p>\n<h2>Rezultate reale dup\u0103 fiecare sesiune<\/h2>\n<p><span>Cursul de Produc\u021bie Muzical\u0103 One<\/span> \u00ee\u021bi ofer\u0103 mai mult dec\u00e2t cuno\u0219tin\u021be tehnice. \u00ce\u021bi ofer\u0103 \u00eencrederea de a-\u021bi crea primele piese \u0219i curajul de a-\u021bi explora stilul personal.<\/p>\n<p>La final, vei avea primele track-uri produse chiar de tine. Vei \u0219ti cum s\u0103 le \u00eembun\u0103t\u0103\u021be\u0219ti, s\u0103 le structurezi mai bine \u0219i s\u0103 le preg\u0103te\u0219ti pentru public.<\/p>\n<h3>Transform\u0103 pasiunea ta \u00een carier\u0103 muzical\u0103<\/h3>\n<p>Acesta este <span>cursul ideal pentru \u00eencep\u0103tori<\/span> care vor s\u0103-\u0219i transforme pasiunea pentru muzic\u0103 \u00eentr-un \u00eenceput real de carier\u0103. \u00cenva\u021b\u0103 s\u0103 creezi, s\u0103 produci \u0219i s\u0103-\u021bi define\u0219ti stilul artistic.<\/p>","protected":false},"excerpt":{"rendered":"<p data-start=\"954\" data-end=\"1199\">Particip\u0103 la un curs practic de produc\u021bie muzical\u0103 \u00een Studio One. \u00cenva\u021b\u0103 teoria de baz\u0103, tehnici de \u00eenregistrare, mixing, mastering \u0219i sound design. Creeaz\u0103-\u021bi primele piese \u0219i construie\u0219te-\u021bi cariera de produc\u0103tor muzical.<\/p>\n<div class=\"host-lopnbnfpjmgpbppclhclehhgafnifija\" style=\"position: relative; z-index: 2147483647;\"><\/div>","protected":false},"featured_media":2300,"comment_status":"open","ping_status":"closed","template":"","meta":{"_acf_changed":false},"duration":[55],"experience":[59],"product_brand":[],"product_cat":[52],"product_tag":[],"class_list":{"0":"post-2320","1":"product","2":"type-product","3":"status-publish","4":"has-post-thumbnail","6":"duration-8-saptamani","7":"experience-incepator","8":"product_cat-cursuri-productie-muzicala","10":"first","11":"instock","12":"taxable","13":"shipping-taxable","14":"purchasable","15":"product-type-simple"},"acf":[],"yoast_head":"<!-- This site is optimized with the Yoast SEO plugin v26.0 - https:\/\/yoast.com\/wordpress\/plugins\/seo\/ -->\n<title>Curs Productie Muzicala \u2013 STUDIO ONE - Dj High Way<\/title>\n<meta name=\"description\" content=\"Porne\u0219te de la zero \u0219i creeaz\u0103-\u021bi primele piese prin Cursul de Produc\u021bie Muzical\u0103. O baz\u0103 solid\u0103 pentru cariera ta artistic\u0103.\" \/>\n<meta name=\"robots\" content=\"index, follow, max-snippet:-1, max-image-preview:large, max-video-preview:-1\" \/>\n<link rel=\"canonical\" href=\"https:\/\/dj.deycrusader.ro\/ro\/course\/curs-productie-muzicala-3\/\" \/>\n<meta property=\"og:locale\" content=\"ro_RO\" \/>\n<meta property=\"og:type\" content=\"article\" \/>\n<meta property=\"og:title\" content=\"Curs Productie Muzicala \u2013 STUDIO ONE - Dj High Way\" \/>\n<meta property=\"og:description\" content=\"Porne\u0219te de la zero \u0219i creeaz\u0103-\u021bi primele piese prin Cursul de Produc\u021bie Muzical\u0103. O baz\u0103 solid\u0103 pentru cariera ta artistic\u0103.\" \/>\n<meta property=\"og:url\" content=\"https:\/\/dj.deycrusader.ro\/ro\/course\/curs-productie-muzicala-3\/\" \/>\n<meta property=\"og:site_name\" content=\"Dj High Way\" \/>\n<meta property=\"article:modified_time\" content=\"2025-10-13T14:30:51+00:00\" \/>\n<meta property=\"og:image\" content=\"https:\/\/dj.deycrusader.ro\/wp-content\/uploads\/2025\/06\/Productie-Muzicala-Studio-One-Square-min.webp\" \/>\n\t<meta property=\"og:image:width\" content=\"1000\" \/>\n\t<meta property=\"og:image:height\" content=\"1000\" \/>\n\t<meta property=\"og:image:type\" content=\"image\/webp\" \/>\n<meta name=\"twitter:card\" content=\"summary_large_image\" \/>\n<meta name=\"twitter:label1\" content=\"Timp estimat pentru citire\" \/>\n\t<meta name=\"twitter:data1\" content=\"2 minute\" \/>\n<script type=\"application\/ld+json\" class=\"yoast-schema-graph\">{\"@context\":\"https:\/\/schema.org\",\"@graph\":[{\"@type\":\"WebPage\",\"@id\":\"https:\/\/dj.deycrusader.ro\/course\/curs-productie-muzicala-3\/\",\"url\":\"https:\/\/dj.deycrusader.ro\/course\/curs-productie-muzicala-3\/\",\"name\":\"Curs Productie Muzicala \u2013 STUDIO ONE - Dj High Way\",\"isPartOf\":{\"@id\":\"https:\/\/dj.deycrusader.ro\/#website\"},\"primaryImageOfPage\":{\"@id\":\"https:\/\/dj.deycrusader.ro\/course\/curs-productie-muzicala-3\/#primaryimage\"},\"image\":{\"@id\":\"https:\/\/dj.deycrusader.ro\/course\/curs-productie-muzicala-3\/#primaryimage\"},\"thumbnailUrl\":\"https:\/\/dj.deycrusader.ro\/wp-content\/uploads\/2025\/06\/Productie-Muzicala-Studio-One-Square-min.webp\",\"datePublished\":\"2025-08-23T01:12:35+00:00\",\"dateModified\":\"2025-10-13T14:30:51+00:00\",\"description\":\"Porne\u0219te de la zero \u0219i creeaz\u0103-\u021bi primele piese prin Cursul de Produc\u021bie Muzical\u0103. O baz\u0103 solid\u0103 pentru cariera ta artistic\u0103.\",\"breadcrumb\":{\"@id\":\"https:\/\/dj.deycrusader.ro\/course\/curs-productie-muzicala-3\/#breadcrumb\"},\"inLanguage\":\"ro-RO\",\"potentialAction\":[{\"@type\":\"ReadAction\",\"target\":[\"https:\/\/dj.deycrusader.ro\/course\/curs-productie-muzicala-3\/\"]}]},{\"@type\":\"ImageObject\",\"inLanguage\":\"ro-RO\",\"@id\":\"https:\/\/dj.deycrusader.ro\/course\/curs-productie-muzicala-3\/#primaryimage\",\"url\":\"https:\/\/dj.deycrusader.ro\/wp-content\/uploads\/2025\/06\/Productie-Muzicala-Studio-One-Square-min.webp\",\"contentUrl\":\"https:\/\/dj.deycrusader.ro\/wp-content\/uploads\/2025\/06\/Productie-Muzicala-Studio-One-Square-min.webp\",\"width\":1000,\"height\":1000,\"caption\":\"Productie Muzicala Studio One Square-min\"},{\"@type\":\"BreadcrumbList\",\"@id\":\"https:\/\/dj.deycrusader.ro\/course\/curs-productie-muzicala-3\/#breadcrumb\",\"itemListElement\":[{\"@type\":\"ListItem\",\"position\":1,\"name\":\"Home\",\"item\":\"https:\/\/dj.deycrusader.ro\/\"},{\"@type\":\"ListItem\",\"position\":2,\"name\":\"Products\",\"item\":\"https:\/\/dj.deycrusader.ro\/ro\/course\/\"},{\"@type\":\"ListItem\",\"position\":3,\"name\":\"Curs Productie Muzicala \u2013 STUDIO ONE\"}]},{\"@type\":\"WebSite\",\"@id\":\"https:\/\/dj.deycrusader.ro\/#website\",\"url\":\"https:\/\/dj.deycrusader.ro\/\",\"name\":\"Dj High Way\",\"description\":\"Scoala de Dj si Productie Muzicala\",\"potentialAction\":[{\"@type\":\"SearchAction\",\"target\":{\"@type\":\"EntryPoint\",\"urlTemplate\":\"https:\/\/dj.deycrusader.ro\/?s={search_term_string}\"},\"query-input\":{\"@type\":\"PropertyValueSpecification\",\"valueRequired\":true,\"valueName\":\"search_term_string\"}}],\"inLanguage\":\"ro-RO\"}]}<\/script>\n<!-- \/ Yoast SEO plugin. -->","yoast_head_json":{"title":"Curs Productie Muzicala \u2013 STUDIO ONE - Dj High Way","description":"Porne\u0219te de la zero \u0219i creeaz\u0103-\u021bi primele piese prin Cursul de Produc\u021bie Muzical\u0103. O baz\u0103 solid\u0103 pentru cariera ta artistic\u0103.","robots":{"index":"index","follow":"follow","max-snippet":"max-snippet:-1","max-image-preview":"max-image-preview:large","max-video-preview":"max-video-preview:-1"},"canonical":"https:\/\/dj.deycrusader.ro\/ro\/course\/curs-productie-muzicala-3\/","og_locale":"ro_RO","og_type":"article","og_title":"Curs Productie Muzicala \u2013 STUDIO ONE - Dj High Way","og_description":"Porne\u0219te de la zero \u0219i creeaz\u0103-\u021bi primele piese prin Cursul de Produc\u021bie Muzical\u0103. O baz\u0103 solid\u0103 pentru cariera ta artistic\u0103.","og_url":"https:\/\/dj.deycrusader.ro\/ro\/course\/curs-productie-muzicala-3\/","og_site_name":"Dj High Way","article_modified_time":"2025-10-13T14:30:51+00:00","og_image":[{"width":1000,"height":1000,"url":"https:\/\/dj.deycrusader.ro\/wp-content\/uploads\/2025\/06\/Productie-Muzicala-Studio-One-Square-min.webp","type":"image\/webp"}],"twitter_card":"summary_large_image","twitter_misc":{"Timp estimat pentru citire":"2 minute"},"schema":{"@context":"https:\/\/schema.org","@graph":[{"@type":"WebPage","@id":"https:\/\/dj.deycrusader.ro\/course\/curs-productie-muzicala-3\/","url":"https:\/\/dj.deycrusader.ro\/course\/curs-productie-muzicala-3\/","name":"Curs Productie Muzicala \u2013 STUDIO ONE - Dj High Way","isPartOf":{"@id":"https:\/\/dj.deycrusader.ro\/#website"},"primaryImageOfPage":{"@id":"https:\/\/dj.deycrusader.ro\/course\/curs-productie-muzicala-3\/#primaryimage"},"image":{"@id":"https:\/\/dj.deycrusader.ro\/course\/curs-productie-muzicala-3\/#primaryimage"},"thumbnailUrl":"https:\/\/dj.deycrusader.ro\/wp-content\/uploads\/2025\/06\/Productie-Muzicala-Studio-One-Square-min.webp","datePublished":"2025-08-23T01:12:35+00:00","dateModified":"2025-10-13T14:30:51+00:00","description":"Porne\u0219te de la zero \u0219i creeaz\u0103-\u021bi primele piese prin Cursul de Produc\u021bie Muzical\u0103. O baz\u0103 solid\u0103 pentru cariera ta artistic\u0103.","breadcrumb":{"@id":"https:\/\/dj.deycrusader.ro\/course\/curs-productie-muzicala-3\/#breadcrumb"},"inLanguage":"ro-RO","potentialAction":[{"@type":"ReadAction","target":["https:\/\/dj.deycrusader.ro\/course\/curs-productie-muzicala-3\/"]}]},{"@type":"ImageObject","inLanguage":"ro-RO","@id":"https:\/\/dj.deycrusader.ro\/course\/curs-productie-muzicala-3\/#primaryimage","url":"https:\/\/dj.deycrusader.ro\/wp-content\/uploads\/2025\/06\/Productie-Muzicala-Studio-One-Square-min.webp","contentUrl":"https:\/\/dj.deycrusader.ro\/wp-content\/uploads\/2025\/06\/Productie-Muzicala-Studio-One-Square-min.webp","width":1000,"height":1000,"caption":"Productie Muzicala Studio One Square-min"},{"@type":"BreadcrumbList","@id":"https:\/\/dj.deycrusader.ro\/course\/curs-productie-muzicala-3\/#breadcrumb","itemListElement":[{"@type":"ListItem","position":1,"name":"Home","item":"https:\/\/dj.deycrusader.ro\/"},{"@type":"ListItem","position":2,"name":"Products","item":"https:\/\/dj.deycrusader.ro\/ro\/course\/"},{"@type":"ListItem","position":3,"name":"Curs Productie Muzicala \u2013 STUDIO ONE"}]},{"@type":"WebSite","@id":"https:\/\/dj.deycrusader.ro\/#website","url":"https:\/\/dj.deycrusader.ro\/","name":"Dj High Way","description":"Scoala de Dj si Productie Muzicala","potentialAction":[{"@type":"SearchAction","target":{"@type":"EntryPoint","urlTemplate":"https:\/\/dj.deycrusader.ro\/?s={search_term_string}"},"query-input":{"@type":"PropertyValueSpecification","valueRequired":true,"valueName":"search_term_string"}}],"inLanguage":"ro-RO"}]}},"jetpack_sharing_enabled":true,"_links":{"self":[{"href":"https:\/\/dj.deycrusader.ro\/ro\/wp-json\/wp\/v2\/product\/2320","targetHints":{"allow":["GET"]}}],"collection":[{"href":"https:\/\/dj.deycrusader.ro\/ro\/wp-json\/wp\/v2\/product"}],"about":[{"href":"https:\/\/dj.deycrusader.ro\/ro\/wp-json\/wp\/v2\/types\/product"}],"replies":[{"embeddable":true,"href":"https:\/\/dj.deycrusader.ro\/ro\/wp-json\/wp\/v2\/comments?post=2320"}],"wp:featuredmedia":[{"embeddable":true,"href":"https:\/\/dj.deycrusader.ro\/ro\/wp-json\/wp\/v2\/media\/2300"}],"wp:attachment":[{"href":"https:\/\/dj.deycrusader.ro\/ro\/wp-json\/wp\/v2\/media?parent=2320"}],"wp:term":[{"taxonomy":"duration","embeddable":true,"href":"https:\/\/dj.deycrusader.ro\/ro\/wp-json\/wp\/v2\/duration?post=2320"},{"taxonomy":"experience","embeddable":true,"href":"https:\/\/dj.deycrusader.ro\/ro\/wp-json\/wp\/v2\/experience?post=2320"},{"taxonomy":"product_brand","embeddable":true,"href":"https:\/\/dj.deycrusader.ro\/ro\/wp-json\/wp\/v2\/product_brand?post=2320"},{"taxonomy":"product_cat","embeddable":true,"href":"https:\/\/dj.deycrusader.ro\/ro\/wp-json\/wp\/v2\/product_cat?post=2320"},{"taxonomy":"product_tag","embeddable":true,"href":"https:\/\/dj.deycrusader.ro\/ro\/wp-json\/wp\/v2\/product_tag?post=2320"}],"curies":[{"name":"wp","href":"https:\/\/api.w.org\/{rel}","templated":true}]}}